{"id":12,"date":"2025-09-15T12:21:13","date_gmt":"2025-09-15T12:21:13","guid":{"rendered":"https:\/\/traiwzo.cluster021.hosting.ovh.net\/?page_id=12"},"modified":"2025-11-18T09:27:00","modified_gmt":"2025-11-18T08:27:00","slug":"journal-dun-gars-qui-essaie","status":"publish","type":"page","link":"https:\/\/www.cielatendresse.com\/index.php\/journal-dun-gars-qui-essaie\/","title":{"rendered":"\u00ab\u00a0Journal d&rsquo;un gars qui essaie\u00a0\u00bb"},"content":{"rendered":"\n<p class=\"has-black-color has-text-color has-link-color wp-elements-df21f445df5842f27238d182ec743d4e\" style=\"font-size:15px\"><strong><mark style=\"background-color:rgba(0, 0, 0, 0)\" class=\"has-inline-color has-luminous-vivid-orange-color\">\u201cJournal d\u2019un gars qui essaie\u201d<\/mark> <\/strong>est une r\u00e9flexion magique et th\u00e9\u00e2trale sur les masculinit\u00e9s et les relations intersexes.<\/p>\n\n\n\n<p class=\"has-black-color has-text-color has-link-color wp-elements-5442b223ea70bc925008dc457b35836f\" style=\"font-size:15px\">\u00c0 l\u2019origine, ce spectacle est une commande d\u2019\u00e9criture de la part du tiers-lieu<em> Le Repaire des Orties <\/em>et de la librairie<em> Za\u00ef Za\u00ef <\/em>\u00e0 Lambesc (13), ceci \u00e0 l\u2019occasion de la Journ\u00e9e Mondiale consacr\u00e9e aux droits des femmes, le 8 mars 2024.<\/p>\n\n\n\n<h2 class=\"wp-block-heading\"><mark style=\"background-color:rgba(0, 0, 0, 0)\" class=\"has-inline-color has-luminous-vivid-orange-color\">\u00ab&nbsp;Journal d\u2019un gars qui essaie&nbsp;\u00bb, c\u2019est quoi?<\/mark><\/h2>\n\n\n\n<p class=\"has-black-color has-text-color has-link-color wp-elements-d4244d1382c0d3db2ed55fd4e9a1c765\" style=\"font-size:15px\">Je suis un homme blanc, h\u00e9t\u00e9ro, cisgenre et je jouis certainement, de par cette condition, de droits et de privil\u00e8ges depuis toujours et ceci sans m\u00eame m\u2019en rendre compte.<\/p>\n\n\n\n<p class=\"has-black-color has-text-color has-link-color wp-elements-10a0dc63922c2c82d9e542ea03765eea\" style=\"font-size:15px\">alors Je me suis demand\u00e9 : \u00ab&nbsp;comment traiter du sujet des disparit\u00e9s entre hommes et femmes tout en \u00e9tant conscient de ma condition ? Je me suis dit alors que le meilleur moyen serait certainement de fermer ma gueule\u2026\u00bb<\/p>\n\n\n\n<p class=\"has-black-color has-text-color has-link-color wp-elements-3f472336357d264e9b8b8a0838eff2fd\" style=\"font-size:15px\">Gr\u00e2ce \u00e0 la magie des cartes et au mentalisme, <strong>\u201cJournal d\u2019un gars qui essaie\u201d<\/strong> propose un d\u00e9but de prise de conscience. Une prise de parole pour parler de moi et de ma tentative d\u2019\u00eatre un \u201cmec bien\u201d.<\/p>\n\n\n\n<div class=\"wp-block-media-text is-stacked-on-mobile\" style=\"grid-template-columns:46% auto\"><figure class=\"wp-block-media-text__media\"><a href=\"https:\/\/www.michaelvessereau.com\/wp-content\/uploads\/2024\/09\/flyer-A5-journal-d1gars.pdf\" target=\"_blank\" rel=\"noreferrer noopener\"><img decoding=\"async\" src=\"https:\/\/www.michaelvessereau.com\/wp-content\/uploads\/2024\/09\/affiche-JOURNAL-D-UN-gars-scaled-1.jpg\" alt=\"journal d'un gars qui essaie\" class=\"wp-image-763 size-full\"\/><\/a><\/figure><div class=\"wp-block-media-text__content\">\n<p class=\"has-black-color has-text-color has-link-color wp-elements-6cc4ca3805e0c73d7d354585c4ac4701\" style=\"font-size:15px\">A l\u2019heure des manich\u00e9ismes rassurants, je propose ici la possibilit\u00e9<br>d\u2019un entre-deux, d\u2019un \u201cje ne sais pas\u201d comme pr\u00e9misse d\u2019une recherche<br>personnelle sur l\u2019\u00e9volution de mon identit\u00e9 et de mon rapport au monde et aux autres.<\/p>\n\n\n\n<p class=\"has-black-color has-text-color has-link-color wp-elements-96701092a56b4c01790bbebb1497ca1e\" style=\"font-size:15px\">Cette ma\u00efeutique sans fin me rend vivant et me permet d\u2019accoucher sans cesse d\u2019un nouveau moi. Un \u00eatre nouveau de chaque seconde, un \u00eatre en mouvement, un \u00eatre qui change\u2026<\/p>\n<\/div><\/div>\n\n\n\n<p class=\"has-black-color has-text-color has-link-color wp-elements-b96c0bf007da2ea2184b74f2497f1b6c\" style=\"font-size:15px\">Issu du <a href=\"https:\/\/cnac.fr\/\" target=\"_blank\" rel=\"noreferrer noopener\"><mark style=\"background-color:rgba(0, 0, 0, 0)\" class=\"has-inline-color has-luminous-vivid-orange-color\">Centre National des Arts du Cirque<\/mark><\/a> en 2001, Micha\u00ebl Vessereau partage son temps entre la mise en sc\u00e8ne de spectacles, l\u2019enseignement des Arts du Cirque et la magie. Ces activit\u00e9s ont en commun le go\u00fbt pour la nouveaut\u00e9 et le plaisir du d\u00e9s\u00e9quilibre et de l\u2019inattendu.<\/p>\n\n\n\n<p class=\"has-text-align-center has-black-color has-text-color has-link-color wp-elements-4e066157117eaa7e5f049fd254584bed\" style=\"font-size:15px\"><strong>Spectacle th\u00e9\u00e2tral de magie rapproch\u00e9e et mentalisme pour bars, terrasses, jardins, librairies, lieux atypiques.<\/strong><\/p>\n\n\n\n<p style=\"font-size:15px\"><strong><mark style=\"background-color:rgba(0, 0, 0, 0)\" class=\"has-inline-color has-luminous-vivid-orange-color\">\u00c9criture, mise en sc\u00e8ne et interpr\u00e9tation<\/mark><mark style=\"background-color:rgba(0, 0, 0, 0)\" class=\"has-inline-color has-vivid-red-color\">&nbsp;:<\/mark><\/strong> <a href=\"https:\/\/cielesondesmots.com\/?page_id=111\" target=\"_blank\" rel=\"noreferrer noopener\"><mark style=\"background-color:rgba(0, 0, 0, 0)\" class=\"has-inline-color has-luminous-vivid-orange-color\">Micha\u00ebl Vessereau<\/mark><\/a><\/p>\n\n\n\n<h4 class=\"wp-block-heading\"><strong><mark style=\"background-color:rgba(0, 0, 0, 0)\" class=\"has-inline-color has-luminous-vivid-orange-color\">TOUS PUBLICS<\/mark><\/strong><\/h4>\n\n\n\n<p class=\"has-black-color has-text-color has-link-color wp-elements-641579e26e8d4d3cf7e5152e48537bcf\" style=\"font-size:15px\">Pour adultes et enfants \u00e0 partir de 10 ans<\/p>\n\n\n\n<h4 class=\"wp-block-heading\"><strong><mark style=\"background-color:rgba(0, 0, 0, 0)\" class=\"has-inline-color has-luminous-vivid-orange-color\">DUR\u00c9E<\/mark><\/strong><\/h4>\n\n\n\n<p class=\"has-black-color has-text-color has-link-color wp-elements-a09859dd688cf193f136748d052dcab4\" style=\"font-size:15px\">55 min<\/p>\n\n\n\n<h4 class=\"wp-block-heading\"><strong><mark style=\"background-color:rgba(0, 0, 0, 0)\" class=\"has-inline-color has-luminous-vivid-orange-color\">FICHE TECHNIQUE<\/mark><\/strong><\/h4>\n\n\n\n<p class=\"has-black-color has-text-color has-link-color wp-elements-e41da4334ac2e11cfd791e0de722d07a\" style=\"font-size:15px\">\u2013 Une prise \u00e9lectrique<br>\u2013 Une table, des chaises pour le public et\u2026 c\u2019est tout<\/p>\n\n\n\n<h4 class=\"wp-block-heading\"><strong><mark style=\"background-color:rgba(0, 0, 0, 0)\" class=\"has-inline-color has-luminous-vivid-orange-color\">PRODUCTION &amp; DIFFUSION<\/mark><\/strong><\/h4>\n\n\n\n<p class=\"has-black-color has-text-color has-link-color wp-elements-133a4b1efa7699f439ff8e606da59a44\" style=\"font-size:15px\">Cie La tendresse<\/p>\n\n\n\n<h4 class=\"wp-block-heading\"><strong><mark style=\"background-color:rgba(0, 0, 0, 0)\" class=\"has-inline-color has-luminous-vivid-orange-color\">SOUTIENS &amp; PARTENAIRES<\/mark><\/strong><\/h4>\n\n\n\n<p class=\"has-black-color has-text-color has-link-color wp-elements-488f461ed9a218c52a90bfd24851ccf1\">Le spectacle \u00ab&nbsp;Journal d\u2019un gars qui essaie&nbsp;\u00bb \u00e0 \u00e9t\u00e9 cr\u00e9\u00e9 gr\u00e2ce au soutien de la librairie <em>Za\u00ee Za\u00ee<\/em>, du tiers-lieu <em>Le Repaire des Orties<\/em>, en coproduction avec la <a href=\"https:\/\/www.cielesondesmots.com\" target=\"_blank\" rel=\"noreferrer noopener\"><mark style=\"background-color:rgba(0, 0, 0, 0)\" class=\"has-inline-color has-luminous-vivid-orange-color\">Cie Le Son des Mots<\/mark><\/a><\/p>\n\n\n\n<p><\/p>\n","protected":false},"excerpt":{"rendered":"<p>\u201cJournal d\u2019un gars qui essaie\u201d est une r\u00e9flexion magique et th\u00e9\u00e2trale sur les masculinit\u00e9s et les relations intersexes. \u00c0 l\u2019origine, ce spectacle est une commande d\u2019\u00e9criture de la part du tiers-lieu Le Repaire des Orties et de la librairie Za\u00ef Za\u00ef \u00e0 Lambesc (13), ceci \u00e0 l\u2019occasion de la Journ\u00e9e Mondiale consacr\u00e9e aux droits des&hellip; <br \/> <a class=\"read-more\" href=\"https:\/\/www.cielatendresse.com\/index.php\/journal-dun-gars-qui-essaie\/\">Lire la suite<\/a><\/p>\n","protected":false},"author":3,"featured_media":134,"parent":0,"menu_order":0,"comment_status":"closed","ping_status":"closed","template":"","meta":{"footnotes":""},"class_list":["post-12","page","type-page","status-publish","has-post-thumbnail","hentry"],"yoast_head":"<!-- This site is optimized with the Yoast SEO plugin v26.8 - https:\/\/yoast.com\/product\/yoast-seo-wordpress\/ -->\n<title>&quot;Journal d&#039;un gars qui essaie&quot; | Cie la tendresse<\/title>\n<meta name=\"description\" content=\"journal d&#039;un gars qui essaie est un spectacle m\u00ealant magie, th\u00e9\u00e2tre et proposant une grande implication du public.\" \/>\n<meta name=\"robots\" content=\"index, follow, max-snippet:-1, max-image-preview:large, max-video-preview:-1\" \/>\n<link rel=\"canonical\" href=\"https:\/\/www.cielatendresse.com\/index.php\/journal-dun-gars-qui-essaie\/\" \/>\n<meta property=\"og:locale\" content=\"fr_FR\" \/>\n<meta property=\"og:type\" content=\"article\" \/>\n<meta property=\"og:title\" content=\"&quot;Journal d&#039;un gars qui essaie&quot; | Cie la tendresse\" \/>\n<meta property=\"og:description\" content=\"journal d&#039;un gars qui essaie est un spectacle m\u00ealant magie, th\u00e9\u00e2tre et proposant une grande implication du public.\" \/>\n<meta property=\"og:url\" content=\"https:\/\/www.cielatendresse.com\/index.php\/journal-dun-gars-qui-essaie\/\" \/>\n<meta property=\"og:site_name\" content=\"Cie la tendresse\" \/>\n<meta property=\"article:publisher\" content=\"https:\/\/www.facebook.com\/people\/Ciela-Tendresse\/pfbid02rJFNUK86Njbo7RBg12Vjm8SgveopNGFgyU5eRuJAwHVc9928hsKGXEqeTZ6ZF5UXl\/?rdid=KwRQz4sjGL3bdiQk&amp;share_url=httpswww.facebook.comshare1KcJMXNyNX\" \/>\n<meta property=\"article:modified_time\" content=\"2025-11-18T08:27:00+00:00\" \/>\n<meta property=\"og:image\" content=\"https:\/\/www.cielatendresse.com\/wp-content\/uploads\/2025\/10\/affiche-JOURNAL-D-UN-gars--scaled.jpg\" \/>\n\t<meta property=\"og:image:width\" content=\"1810\" \/>\n\t<meta property=\"og:image:height\" content=\"2560\" \/>\n\t<meta property=\"og:image:type\" content=\"image\/jpeg\" \/>\n<meta name=\"twitter:card\" content=\"summary_large_image\" \/>\n<meta name=\"twitter:label1\" content=\"Dur\u00e9e de lecture estim\u00e9e\" \/>\n\t<meta name=\"twitter:data1\" content=\"3 minutes\" \/>\n<script type=\"application\/ld+json\" class=\"yoast-schema-graph\">{\"@context\":\"https:\/\/schema.org\",\"@graph\":[{\"@type\":\"Article\",\"@id\":\"https:\/\/www.cielatendresse.com\/index.php\/journal-dun-gars-qui-essaie\/#article\",\"isPartOf\":{\"@id\":\"https:\/\/www.cielatendresse.com\/index.php\/journal-dun-gars-qui-essaie\/\"},\"author\":{\"name\":\"Cie la tendresse\",\"@id\":\"https:\/\/www.cielatendresse.com\/#\/schema\/person\/ff0ebc102a097e4f09824881b015a544\"},\"headline\":\"\u00ab\u00a0Journal d&rsquo;un gars qui essaie\u00a0\u00bb\",\"datePublished\":\"2025-09-15T12:21:13+00:00\",\"dateModified\":\"2025-11-18T08:27:00+00:00\",\"mainEntityOfPage\":{\"@id\":\"https:\/\/www.cielatendresse.com\/index.php\/journal-dun-gars-qui-essaie\/\"},\"wordCount\":423,\"publisher\":{\"@id\":\"https:\/\/www.cielatendresse.com\/#organization\"},\"image\":{\"@id\":\"https:\/\/www.cielatendresse.com\/index.php\/journal-dun-gars-qui-essaie\/#primaryimage\"},\"thumbnailUrl\":\"https:\/\/www.cielatendresse.com\/wp-content\/uploads\/2025\/10\/affiche-JOURNAL-D-UN-gars--scaled.jpg\",\"inLanguage\":\"fr-FR\"},{\"@type\":[\"WebPage\",\"SearchResultsPage\"],\"@id\":\"https:\/\/www.cielatendresse.com\/index.php\/journal-dun-gars-qui-essaie\/\",\"url\":\"https:\/\/www.cielatendresse.com\/index.php\/journal-dun-gars-qui-essaie\/\",\"name\":\"\\\"Journal d'un gars qui essaie\\\" | Cie la tendresse\",\"isPartOf\":{\"@id\":\"https:\/\/www.cielatendresse.com\/#website\"},\"primaryImageOfPage\":{\"@id\":\"https:\/\/www.cielatendresse.com\/index.php\/journal-dun-gars-qui-essaie\/#primaryimage\"},\"image\":{\"@id\":\"https:\/\/www.cielatendresse.com\/index.php\/journal-dun-gars-qui-essaie\/#primaryimage\"},\"thumbnailUrl\":\"https:\/\/www.cielatendresse.com\/wp-content\/uploads\/2025\/10\/affiche-JOURNAL-D-UN-gars--scaled.jpg\",\"datePublished\":\"2025-09-15T12:21:13+00:00\",\"dateModified\":\"2025-11-18T08:27:00+00:00\",\"description\":\"journal d'un gars qui essaie est un spectacle m\u00ealant magie, th\u00e9\u00e2tre et proposant une grande implication du public.\",\"breadcrumb\":{\"@id\":\"https:\/\/www.cielatendresse.com\/index.php\/journal-dun-gars-qui-essaie\/#breadcrumb\"},\"inLanguage\":\"fr-FR\",\"potentialAction\":[{\"@type\":\"ReadAction\",\"target\":[\"https:\/\/www.cielatendresse.com\/index.php\/journal-dun-gars-qui-essaie\/\"]}]},{\"@type\":\"ImageObject\",\"inLanguage\":\"fr-FR\",\"@id\":\"https:\/\/www.cielatendresse.com\/index.php\/journal-dun-gars-qui-essaie\/#primaryimage\",\"url\":\"https:\/\/www.cielatendresse.com\/wp-content\/uploads\/2025\/10\/affiche-JOURNAL-D-UN-gars--scaled.jpg\",\"contentUrl\":\"https:\/\/www.cielatendresse.com\/wp-content\/uploads\/2025\/10\/affiche-JOURNAL-D-UN-gars--scaled.jpg\",\"width\":1810,\"height\":2560},{\"@type\":\"BreadcrumbList\",\"@id\":\"https:\/\/www.cielatendresse.com\/index.php\/journal-dun-gars-qui-essaie\/#breadcrumb\",\"itemListElement\":[{\"@type\":\"ListItem\",\"position\":1,\"name\":\"Accueil\",\"item\":\"https:\/\/www.cielatendresse.com\/\"},{\"@type\":\"ListItem\",\"position\":2,\"name\":\"\u00ab\u00a0Journal d&rsquo;un gars qui essaie\u00a0\u00bb\"}]},{\"@type\":\"WebSite\",\"@id\":\"https:\/\/www.cielatendresse.com\/#website\",\"url\":\"https:\/\/www.cielatendresse.com\/\",\"name\":\"Cie La tendresse\",\"description\":\"spectacles vivants\",\"publisher\":{\"@id\":\"https:\/\/www.cielatendresse.com\/#organization\"},\"alternateName\":\"La tendresse\",\"potentialAction\":[{\"@type\":\"SearchAction\",\"target\":{\"@type\":\"EntryPoint\",\"urlTemplate\":\"https:\/\/www.cielatendresse.com\/?s={search_term_string}\"},\"query-input\":{\"@type\":\"PropertyValueSpecification\",\"valueRequired\":true,\"valueName\":\"search_term_string\"}}],\"inLanguage\":\"fr-FR\"},{\"@type\":\"Organization\",\"@id\":\"https:\/\/www.cielatendresse.com\/#organization\",\"name\":\"Cie la tendresse\",\"url\":\"https:\/\/www.cielatendresse.com\/\",\"logo\":{\"@type\":\"ImageObject\",\"inLanguage\":\"fr-FR\",\"@id\":\"https:\/\/www.cielatendresse.com\/#\/schema\/logo\/image\/\",\"url\":\"https:\/\/www.cielatendresse.com\/wp-content\/uploads\/2025\/11\/cropped-logo-carre.jpg\",\"contentUrl\":\"https:\/\/www.cielatendresse.com\/wp-content\/uploads\/2025\/11\/cropped-logo-carre.jpg\",\"width\":696,\"height\":714,\"caption\":\"Cie la tendresse\"},\"image\":{\"@id\":\"https:\/\/www.cielatendresse.com\/#\/schema\/logo\/image\/\"},\"sameAs\":[\"https:\/\/www.facebook.com\/people\/Ciela-Tendresse\/pfbid02rJFNUK86Njbo7RBg12Vjm8SgveopNGFgyU5eRuJAwHVc9928hsKGXEqeTZ6ZF5UXl\/?rdid=KwRQz4sjGL3bdiQk&share_url=httpswww.facebook.comshare1KcJMXNyNX\",\"https:\/\/www.instagram.com\/cielatendresse\/?igsh=dXpsOHdsZGQyNmtq\",\"https:\/\/www.youtube.com\/@Cielatendresse\"]},{\"@type\":\"Person\",\"@id\":\"https:\/\/www.cielatendresse.com\/#\/schema\/person\/ff0ebc102a097e4f09824881b015a544\",\"name\":\"Cie la tendresse\",\"image\":{\"@type\":\"ImageObject\",\"inLanguage\":\"fr-FR\",\"@id\":\"https:\/\/www.cielatendresse.com\/#\/schema\/person\/image\/\",\"url\":\"https:\/\/secure.gravatar.com\/avatar\/8d1572756cdc1a333917e4b0f29630bb42eee097b7553c97131dad11eb30c8c0?s=96&d=mm&r=g\",\"contentUrl\":\"https:\/\/secure.gravatar.com\/avatar\/8d1572756cdc1a333917e4b0f29630bb42eee097b7553c97131dad11eb30c8c0?s=96&d=mm&r=g\",\"caption\":\"Cie la tendresse\"},\"sameAs\":[\"https:\/\/www.cielatendresse.com\"],\"url\":\"https:\/\/www.cielatendresse.com\/index.php\/author\/latendresse\/\"}]}<\/script>\n<!-- \/ Yoast SEO plugin. -->","yoast_head_json":{"title":"\"Journal d'un gars qui essaie\" | Cie la tendresse","description":"journal d'un gars qui essaie est un spectacle m\u00ealant magie, th\u00e9\u00e2tre et proposant une grande implication du public.","robots":{"index":"index","follow":"follow","max-snippet":"max-snippet:-1","max-image-preview":"max-image-preview:large","max-video-preview":"max-video-preview:-1"},"canonical":"https:\/\/www.cielatendresse.com\/index.php\/journal-dun-gars-qui-essaie\/","og_locale":"fr_FR","og_type":"article","og_title":"\"Journal d'un gars qui essaie\" | Cie la tendresse","og_description":"journal d'un gars qui essaie est un spectacle m\u00ealant magie, th\u00e9\u00e2tre et proposant une grande implication du public.","og_url":"https:\/\/www.cielatendresse.com\/index.php\/journal-dun-gars-qui-essaie\/","og_site_name":"Cie la tendresse","article_publisher":"https:\/\/www.facebook.com\/people\/Ciela-Tendresse\/pfbid02rJFNUK86Njbo7RBg12Vjm8SgveopNGFgyU5eRuJAwHVc9928hsKGXEqeTZ6ZF5UXl\/?rdid=KwRQz4sjGL3bdiQk&share_url=httpswww.facebook.comshare1KcJMXNyNX","article_modified_time":"2025-11-18T08:27:00+00:00","og_image":[{"width":1810,"height":2560,"url":"https:\/\/www.cielatendresse.com\/wp-content\/uploads\/2025\/10\/affiche-JOURNAL-D-UN-gars--scaled.jpg","type":"image\/jpeg"}],"twitter_card":"summary_large_image","twitter_misc":{"Dur\u00e9e de lecture estim\u00e9e":"3 minutes"},"schema":{"@context":"https:\/\/schema.org","@graph":[{"@type":"Article","@id":"https:\/\/www.cielatendresse.com\/index.php\/journal-dun-gars-qui-essaie\/#article","isPartOf":{"@id":"https:\/\/www.cielatendresse.com\/index.php\/journal-dun-gars-qui-essaie\/"},"author":{"name":"Cie la tendresse","@id":"https:\/\/www.cielatendresse.com\/#\/schema\/person\/ff0ebc102a097e4f09824881b015a544"},"headline":"\u00ab\u00a0Journal d&rsquo;un gars qui essaie\u00a0\u00bb","datePublished":"2025-09-15T12:21:13+00:00","dateModified":"2025-11-18T08:27:00+00:00","mainEntityOfPage":{"@id":"https:\/\/www.cielatendresse.com\/index.php\/journal-dun-gars-qui-essaie\/"},"wordCount":423,"publisher":{"@id":"https:\/\/www.cielatendresse.com\/#organization"},"image":{"@id":"https:\/\/www.cielatendresse.com\/index.php\/journal-dun-gars-qui-essaie\/#primaryimage"},"thumbnailUrl":"https:\/\/www.cielatendresse.com\/wp-content\/uploads\/2025\/10\/affiche-JOURNAL-D-UN-gars--scaled.jpg","inLanguage":"fr-FR"},{"@type":["WebPage","SearchResultsPage"],"@id":"https:\/\/www.cielatendresse.com\/index.php\/journal-dun-gars-qui-essaie\/","url":"https:\/\/www.cielatendresse.com\/index.php\/journal-dun-gars-qui-essaie\/","name":"\"Journal d'un gars qui essaie\" | Cie la tendresse","isPartOf":{"@id":"https:\/\/www.cielatendresse.com\/#website"},"primaryImageOfPage":{"@id":"https:\/\/www.cielatendresse.com\/index.php\/journal-dun-gars-qui-essaie\/#primaryimage"},"image":{"@id":"https:\/\/www.cielatendresse.com\/index.php\/journal-dun-gars-qui-essaie\/#primaryimage"},"thumbnailUrl":"https:\/\/www.cielatendresse.com\/wp-content\/uploads\/2025\/10\/affiche-JOURNAL-D-UN-gars--scaled.jpg","datePublished":"2025-09-15T12:21:13+00:00","dateModified":"2025-11-18T08:27:00+00:00","description":"journal d'un gars qui essaie est un spectacle m\u00ealant magie, th\u00e9\u00e2tre et proposant une grande implication du public.","breadcrumb":{"@id":"https:\/\/www.cielatendresse.com\/index.php\/journal-dun-gars-qui-essaie\/#breadcrumb"},"inLanguage":"fr-FR","potentialAction":[{"@type":"ReadAction","target":["https:\/\/www.cielatendresse.com\/index.php\/journal-dun-gars-qui-essaie\/"]}]},{"@type":"ImageObject","inLanguage":"fr-FR","@id":"https:\/\/www.cielatendresse.com\/index.php\/journal-dun-gars-qui-essaie\/#primaryimage","url":"https:\/\/www.cielatendresse.com\/wp-content\/uploads\/2025\/10\/affiche-JOURNAL-D-UN-gars--scaled.jpg","contentUrl":"https:\/\/www.cielatendresse.com\/wp-content\/uploads\/2025\/10\/affiche-JOURNAL-D-UN-gars--scaled.jpg","width":1810,"height":2560},{"@type":"BreadcrumbList","@id":"https:\/\/www.cielatendresse.com\/index.php\/journal-dun-gars-qui-essaie\/#breadcrumb","itemListElement":[{"@type":"ListItem","position":1,"name":"Accueil","item":"https:\/\/www.cielatendresse.com\/"},{"@type":"ListItem","position":2,"name":"\u00ab\u00a0Journal d&rsquo;un gars qui essaie\u00a0\u00bb"}]},{"@type":"WebSite","@id":"https:\/\/www.cielatendresse.com\/#website","url":"https:\/\/www.cielatendresse.com\/","name":"Cie La tendresse","description":"spectacles vivants","publisher":{"@id":"https:\/\/www.cielatendresse.com\/#organization"},"alternateName":"La tendresse","potentialAction":[{"@type":"SearchAction","target":{"@type":"EntryPoint","urlTemplate":"https:\/\/www.cielatendresse.com\/?s={search_term_string}"},"query-input":{"@type":"PropertyValueSpecification","valueRequired":true,"valueName":"search_term_string"}}],"inLanguage":"fr-FR"},{"@type":"Organization","@id":"https:\/\/www.cielatendresse.com\/#organization","name":"Cie la tendresse","url":"https:\/\/www.cielatendresse.com\/","logo":{"@type":"ImageObject","inLanguage":"fr-FR","@id":"https:\/\/www.cielatendresse.com\/#\/schema\/logo\/image\/","url":"https:\/\/www.cielatendresse.com\/wp-content\/uploads\/2025\/11\/cropped-logo-carre.jpg","contentUrl":"https:\/\/www.cielatendresse.com\/wp-content\/uploads\/2025\/11\/cropped-logo-carre.jpg","width":696,"height":714,"caption":"Cie la tendresse"},"image":{"@id":"https:\/\/www.cielatendresse.com\/#\/schema\/logo\/image\/"},"sameAs":["https:\/\/www.facebook.com\/people\/Ciela-Tendresse\/pfbid02rJFNUK86Njbo7RBg12Vjm8SgveopNGFgyU5eRuJAwHVc9928hsKGXEqeTZ6ZF5UXl\/?rdid=KwRQz4sjGL3bdiQk&share_url=httpswww.facebook.comshare1KcJMXNyNX","https:\/\/www.instagram.com\/cielatendresse\/?igsh=dXpsOHdsZGQyNmtq","https:\/\/www.youtube.com\/@Cielatendresse"]},{"@type":"Person","@id":"https:\/\/www.cielatendresse.com\/#\/schema\/person\/ff0ebc102a097e4f09824881b015a544","name":"Cie la tendresse","image":{"@type":"ImageObject","inLanguage":"fr-FR","@id":"https:\/\/www.cielatendresse.com\/#\/schema\/person\/image\/","url":"https:\/\/secure.gravatar.com\/avatar\/8d1572756cdc1a333917e4b0f29630bb42eee097b7553c97131dad11eb30c8c0?s=96&d=mm&r=g","contentUrl":"https:\/\/secure.gravatar.com\/avatar\/8d1572756cdc1a333917e4b0f29630bb42eee097b7553c97131dad11eb30c8c0?s=96&d=mm&r=g","caption":"Cie la tendresse"},"sameAs":["https:\/\/www.cielatendresse.com"],"url":"https:\/\/www.cielatendresse.com\/index.php\/author\/latendresse\/"}]}},"_links":{"self":[{"href":"https:\/\/www.cielatendresse.com\/index.php\/wp-json\/wp\/v2\/pages\/12","targetHints":{"allow":["GET"]}}],"collection":[{"href":"https:\/\/www.cielatendresse.com\/index.php\/wp-json\/wp\/v2\/pages"}],"about":[{"href":"https:\/\/www.cielatendresse.com\/index.php\/wp-json\/wp\/v2\/types\/page"}],"author":[{"embeddable":true,"href":"https:\/\/www.cielatendresse.com\/index.php\/wp-json\/wp\/v2\/users\/3"}],"replies":[{"embeddable":true,"href":"https:\/\/www.cielatendresse.com\/index.php\/wp-json\/wp\/v2\/comments?post=12"}],"version-history":[{"count":6,"href":"https:\/\/www.cielatendresse.com\/index.php\/wp-json\/wp\/v2\/pages\/12\/revisions"}],"predecessor-version":[{"id":426,"href":"https:\/\/www.cielatendresse.com\/index.php\/wp-json\/wp\/v2\/pages\/12\/revisions\/426"}],"wp:featuredmedia":[{"embeddable":true,"href":"https:\/\/www.cielatendresse.com\/index.php\/wp-json\/wp\/v2\/media\/134"}],"wp:attachment":[{"href":"https:\/\/www.cielatendresse.com\/index.php\/wp-json\/wp\/v2\/media?parent=12"}],"curies":[{"name":"wp","href":"https:\/\/api.w.org\/{rel}","templated":true}]}}