{"id":14,"date":"2025-09-15T12:21:31","date_gmt":"2025-09-15T12:21:31","guid":{"rendered":"https:\/\/traiwzo.cluster021.hosting.ovh.net\/?page_id=14"},"modified":"2025-12-16T15:37:39","modified_gmt":"2025-12-16T14:37:39","slug":"michael-vessereau","status":"publish","type":"page","link":"https:\/\/www.cielatendresse.com\/index.php\/michael-vessereau\/","title":{"rendered":"Micha\u00ebl Vessereau"},"content":{"rendered":"\n<div class=\"wp-block-media-text is-stacked-on-mobile\" style=\"grid-template-columns:24% auto\"><figure class=\"wp-block-media-text__media\"><a href=\"https:\/\/www.michaelvessereau.com\" target=\"_blank\" rel=\" noreferrer noopener\"><img loading=\"lazy\" decoding=\"async\" width=\"876\" height=\"1024\" src=\"https:\/\/www.cielatendresse.com\/wp-content\/uploads\/2025\/11\/cropped-Michael-Vessereau-96-scaled-1-876x1024.jpg\" alt=\"Michael Vessereau\" class=\"wp-image-146 size-full\" srcset=\"https:\/\/www.cielatendresse.com\/wp-content\/uploads\/2025\/11\/cropped-Michael-Vessereau-96-scaled-1-876x1024.jpg 876w, https:\/\/www.cielatendresse.com\/wp-content\/uploads\/2025\/11\/cropped-Michael-Vessereau-96-scaled-1-257x300.jpg 257w, https:\/\/www.cielatendresse.com\/wp-content\/uploads\/2025\/11\/cropped-Michael-Vessereau-96-scaled-1-768x897.jpg 768w, https:\/\/www.cielatendresse.com\/wp-content\/uploads\/2025\/11\/cropped-Michael-Vessereau-96-scaled-1-1024x1196.jpg 1024w, https:\/\/www.cielatendresse.com\/wp-content\/uploads\/2025\/11\/cropped-Michael-Vessereau-96-scaled-1-924x1080.jpg 924w, https:\/\/www.cielatendresse.com\/wp-content\/uploads\/2025\/11\/cropped-Michael-Vessereau-96-scaled-1.jpg 1188w\" sizes=\"auto, (max-width: 876px) 100vw, 876px\" \/><\/a><\/figure><div class=\"wp-block-media-text__content\">\n<p class=\"has-black-color has-text-color has-link-color wp-elements-f27acacf16305c28dca3a04ca8ac0f4d\" style=\"font-size:15px\"><a href=\"http:\/\/www.michaelvessereau.com\" target=\"_blank\" rel=\"noreferrer noopener\"><mark style=\"background-color:rgba(0, 0, 0, 0)\" class=\"has-inline-color has-luminous-vivid-orange-color\">Micha\u00ebl Vessereau<\/mark><\/a> est artiste de cirque, danseur, com\u00e9dien, magicien, metteur en sc\u00e8ne et professeur de cirque. Form\u00e9 au Centre National des Arts du Cirque, il s\u2019est sp\u00e9cialis\u00e9 dans la pratique des \u00ab sangles a\u00e9riennes \u00bb. Pendant vingt ans, il travaille aupr\u00e8s de compagnies en France et \u00e0 l\u2019\u00e9tranger, et aupr\u00e8s de metteurs en sc\u00e8ne tels Jo\u00ebl Colas, Omar Porras, Philippe D\u00e9coufl\u00e9, Franco Dragone\u2026<\/p>\n<\/div><\/div>\n\n\n\n<p class=\"has-black-color has-text-color has-link-color wp-elements-16c012c762c8ecce999b2dd3bf852bf8\" style=\"font-size:15px\">Metteur en sc\u00e8ne, il cr\u00e9e La Petite Cie entre 2005 et 2015, structure artistique proposant des spectacles qui m\u00ealent acrobates, danseurs, com\u00e9diens, musiciens. Ces propositions m\u00ealent r\u00e9guli\u00e8rement des artistes confirm\u00e9s et amateurs et s\u2019adressent \u00e0 tous les publics.<\/p>\n\n\n\n<p class=\"has-black-color has-text-color has-link-color wp-elements-c00e5f884185b5476b97994317ad776a\" style=\"font-size:15px\">Micha\u00ebl Vessereau est dipl\u00f4m\u00e9 d\u2019\u00c9tat pour l&rsquo;enseignement des Arts du cirque. Il cr\u00e9e et dirige l&rsquo;\u00e9cole de cirque le<mark style=\"background-color:rgba(0, 0, 0, 0)\" class=\"has-inline-color has-luminous-vivid-orange-color\"> <\/mark><a href=\"https:\/\/www.filariane.com\" target=\"_blank\" rel=\"noreferrer noopener\"><mark style=\"background-color:rgba(0, 0, 0, 0)\" class=\"has-inline-color has-luminous-vivid-orange-color\">Fil d\u2019Ariane<\/mark><\/a> et intervient aupr\u00e8s de l\u2019Acad\u00e9mie Fratellini (Paris) de 2011 \u00e0 2020, autour du d\u00e9veloppement cr\u00e9atif des jeunes apprentis.<\/p>\n\n\n\n<p class=\"has-black-color has-text-color has-link-color wp-elements-4f75985bb154a189d69bebdc55f95ca6\" style=\"font-size:15px\">En tant qu&rsquo;artiste, il cr\u00e9e aujourd\u2019hui la <a href=\"https:\/\/www.cielatendresse.com\/index.php\/la-cie\/\"><mark style=\"background-color:rgba(0, 0, 0, 0)\" class=\"has-inline-color has-luminous-vivid-orange-color\">Cie la tendresse<\/mark><\/a> pour d\u00e9velopper des projets hybrides entre magie nouvelle. arts du cirque, arts de la rue et danse.<\/p>\n\n\n\n<p><\/p>\n","protected":false},"excerpt":{"rendered":"<p>Micha\u00ebl Vessereau est artiste de cirque, danseur, com\u00e9dien, magicien, metteur en sc\u00e8ne et professeur de cirque. Form\u00e9 au Centre National des Arts du Cirque, il s\u2019est sp\u00e9cialis\u00e9 dans la pratique des \u00ab sangles a\u00e9riennes \u00bb. Pendant vingt ans, il travaille aupr\u00e8s de compagnies en France et \u00e0 l\u2019\u00e9tranger, et aupr\u00e8s de metteurs en sc\u00e8ne tels&hellip; <br \/> <a class=\"read-more\" href=\"https:\/\/www.cielatendresse.com\/index.php\/michael-vessereau\/\">Lire la suite<\/a><\/p>\n","protected":false},"author":3,"featured_media":113,"parent":0,"menu_order":0,"comment_status":"closed","ping_status":"closed","template":"","meta":{"footnotes":""},"class_list":["post-14","page","type-page","status-publish","has-post-thumbnail","hentry"],"yoast_head":"<!-- This site is optimized with the Yoast SEO plugin v26.8 - https:\/\/yoast.com\/product\/yoast-seo-wordpress\/ -->\n<title>Micha\u00ebl Vessereau | Cie la tendresse<\/title>\n<meta name=\"description\" content=\"Micha\u00ebl Vessereau est artiste de cirque, metteur en sc\u00e8ne, auteur et magicien. Il m\u00eale les arts du cirque, la magie nouvelle, et le th\u00e9\u00e2tre\" \/>\n<meta name=\"robots\" content=\"index, follow, max-snippet:-1, max-image-preview:large, max-video-preview:-1\" \/>\n<link rel=\"canonical\" href=\"https:\/\/www.cielatendresse.com\/index.php\/michael-vessereau\/\" \/>\n<meta property=\"og:locale\" content=\"fr_FR\" \/>\n<meta property=\"og:type\" content=\"article\" \/>\n<meta property=\"og:title\" content=\"Micha\u00ebl Vessereau | Cie la tendresse\" \/>\n<meta property=\"og:description\" content=\"Micha\u00ebl Vessereau est artiste de cirque, metteur en sc\u00e8ne, auteur et magicien. Il m\u00eale les arts du cirque, la magie nouvelle, et le th\u00e9\u00e2tre\" \/>\n<meta property=\"og:url\" content=\"https:\/\/www.cielatendresse.com\/index.php\/michael-vessereau\/\" \/>\n<meta property=\"og:site_name\" content=\"Cie la tendresse\" \/>\n<meta property=\"article:publisher\" content=\"https:\/\/www.facebook.com\/people\/Ciela-Tendresse\/pfbid02rJFNUK86Njbo7RBg12Vjm8SgveopNGFgyU5eRuJAwHVc9928hsKGXEqeTZ6ZF5UXl\/?rdid=KwRQz4sjGL3bdiQk&amp;share_url=httpswww.facebook.comshare1KcJMXNyNX\" \/>\n<meta property=\"article:modified_time\" content=\"2025-12-16T14:37:39+00:00\" \/>\n<meta property=\"og:image\" content=\"https:\/\/www.cielatendresse.com\/wp-content\/uploads\/2025\/10\/Cultiver3-scaled.jpg\" \/>\n\t<meta property=\"og:image:width\" content=\"2560\" \/>\n\t<meta property=\"og:image:height\" content=\"1960\" \/>\n\t<meta property=\"og:image:type\" content=\"image\/jpeg\" \/>\n<meta name=\"twitter:card\" content=\"summary_large_image\" \/>\n<meta name=\"twitter:label1\" content=\"Dur\u00e9e de lecture estim\u00e9e\" \/>\n\t<meta name=\"twitter:data1\" content=\"2 minutes\" \/>\n<script type=\"application\/ld+json\" class=\"yoast-schema-graph\">{\"@context\":\"https:\/\/schema.org\",\"@graph\":[{\"@type\":\"Article\",\"@id\":\"https:\/\/www.cielatendresse.com\/index.php\/michael-vessereau\/#article\",\"isPartOf\":{\"@id\":\"https:\/\/www.cielatendresse.com\/index.php\/michael-vessereau\/\"},\"author\":{\"name\":\"Cie la tendresse\",\"@id\":\"https:\/\/www.cielatendresse.com\/#\/schema\/person\/ff0ebc102a097e4f09824881b015a544\"},\"headline\":\"Micha\u00ebl Vessereau\",\"datePublished\":\"2025-09-15T12:21:31+00:00\",\"dateModified\":\"2025-12-16T14:37:39+00:00\",\"mainEntityOfPage\":{\"@id\":\"https:\/\/www.cielatendresse.com\/index.php\/michael-vessereau\/\"},\"wordCount\":196,\"publisher\":{\"@id\":\"https:\/\/www.cielatendresse.com\/#organization\"},\"image\":{\"@id\":\"https:\/\/www.cielatendresse.com\/index.php\/michael-vessereau\/#primaryimage\"},\"thumbnailUrl\":\"https:\/\/www.cielatendresse.com\/wp-content\/uploads\/2025\/10\/Cultiver3-scaled.jpg\",\"inLanguage\":\"fr-FR\"},{\"@type\":[\"WebPage\",\"SearchResultsPage\"],\"@id\":\"https:\/\/www.cielatendresse.com\/index.php\/michael-vessereau\/\",\"url\":\"https:\/\/www.cielatendresse.com\/index.php\/michael-vessereau\/\",\"name\":\"Micha\u00ebl Vessereau | Cie la tendresse\",\"isPartOf\":{\"@id\":\"https:\/\/www.cielatendresse.com\/#website\"},\"primaryImageOfPage\":{\"@id\":\"https:\/\/www.cielatendresse.com\/index.php\/michael-vessereau\/#primaryimage\"},\"image\":{\"@id\":\"https:\/\/www.cielatendresse.com\/index.php\/michael-vessereau\/#primaryimage\"},\"thumbnailUrl\":\"https:\/\/www.cielatendresse.com\/wp-content\/uploads\/2025\/10\/Cultiver3-scaled.jpg\",\"datePublished\":\"2025-09-15T12:21:31+00:00\",\"dateModified\":\"2025-12-16T14:37:39+00:00\",\"description\":\"Micha\u00ebl Vessereau est artiste de cirque, metteur en sc\u00e8ne, auteur et magicien. Il m\u00eale les arts du cirque, la magie nouvelle, et le th\u00e9\u00e2tre\",\"breadcrumb\":{\"@id\":\"https:\/\/www.cielatendresse.com\/index.php\/michael-vessereau\/#breadcrumb\"},\"inLanguage\":\"fr-FR\",\"potentialAction\":[{\"@type\":\"ReadAction\",\"target\":[\"https:\/\/www.cielatendresse.com\/index.php\/michael-vessereau\/\"]}]},{\"@type\":\"ImageObject\",\"inLanguage\":\"fr-FR\",\"@id\":\"https:\/\/www.cielatendresse.com\/index.php\/michael-vessereau\/#primaryimage\",\"url\":\"https:\/\/www.cielatendresse.com\/wp-content\/uploads\/2025\/10\/Cultiver3-scaled.jpg\",\"contentUrl\":\"https:\/\/www.cielatendresse.com\/wp-content\/uploads\/2025\/10\/Cultiver3-scaled.jpg\",\"width\":2560,\"height\":1960,\"caption\":\"m\u00e9lange cultiver - cie la tendresse\"},{\"@type\":\"BreadcrumbList\",\"@id\":\"https:\/\/www.cielatendresse.com\/index.php\/michael-vessereau\/#breadcrumb\",\"itemListElement\":[{\"@type\":\"ListItem\",\"position\":1,\"name\":\"Accueil\",\"item\":\"https:\/\/www.cielatendresse.com\/\"},{\"@type\":\"ListItem\",\"position\":2,\"name\":\"Micha\u00ebl Vessereau\"}]},{\"@type\":\"WebSite\",\"@id\":\"https:\/\/www.cielatendresse.com\/#website\",\"url\":\"https:\/\/www.cielatendresse.com\/\",\"name\":\"Cie La tendresse\",\"description\":\"spectacles vivants\",\"publisher\":{\"@id\":\"https:\/\/www.cielatendresse.com\/#organization\"},\"alternateName\":\"La tendresse\",\"potentialAction\":[{\"@type\":\"SearchAction\",\"target\":{\"@type\":\"EntryPoint\",\"urlTemplate\":\"https:\/\/www.cielatendresse.com\/?s={search_term_string}\"},\"query-input\":{\"@type\":\"PropertyValueSpecification\",\"valueRequired\":true,\"valueName\":\"search_term_string\"}}],\"inLanguage\":\"fr-FR\"},{\"@type\":\"Organization\",\"@id\":\"https:\/\/www.cielatendresse.com\/#organization\",\"name\":\"Cie la tendresse\",\"url\":\"https:\/\/www.cielatendresse.com\/\",\"logo\":{\"@type\":\"ImageObject\",\"inLanguage\":\"fr-FR\",\"@id\":\"https:\/\/www.cielatendresse.com\/#\/schema\/logo\/image\/\",\"url\":\"https:\/\/www.cielatendresse.com\/wp-content\/uploads\/2025\/11\/cropped-logo-carre.jpg\",\"contentUrl\":\"https:\/\/www.cielatendresse.com\/wp-content\/uploads\/2025\/11\/cropped-logo-carre.jpg\",\"width\":696,\"height\":714,\"caption\":\"Cie la tendresse\"},\"image\":{\"@id\":\"https:\/\/www.cielatendresse.com\/#\/schema\/logo\/image\/\"},\"sameAs\":[\"https:\/\/www.facebook.com\/people\/Ciela-Tendresse\/pfbid02rJFNUK86Njbo7RBg12Vjm8SgveopNGFgyU5eRuJAwHVc9928hsKGXEqeTZ6ZF5UXl\/?rdid=KwRQz4sjGL3bdiQk&share_url=httpswww.facebook.comshare1KcJMXNyNX\",\"https:\/\/www.instagram.com\/cielatendresse\/?igsh=dXpsOHdsZGQyNmtq\",\"https:\/\/www.youtube.com\/@Cielatendresse\"]},{\"@type\":\"Person\",\"@id\":\"https:\/\/www.cielatendresse.com\/#\/schema\/person\/ff0ebc102a097e4f09824881b015a544\",\"name\":\"Cie la tendresse\",\"image\":{\"@type\":\"ImageObject\",\"inLanguage\":\"fr-FR\",\"@id\":\"https:\/\/www.cielatendresse.com\/#\/schema\/person\/image\/\",\"url\":\"https:\/\/secure.gravatar.com\/avatar\/8d1572756cdc1a333917e4b0f29630bb42eee097b7553c97131dad11eb30c8c0?s=96&d=mm&r=g\",\"contentUrl\":\"https:\/\/secure.gravatar.com\/avatar\/8d1572756cdc1a333917e4b0f29630bb42eee097b7553c97131dad11eb30c8c0?s=96&d=mm&r=g\",\"caption\":\"Cie la tendresse\"},\"sameAs\":[\"https:\/\/www.cielatendresse.com\"],\"url\":\"https:\/\/www.cielatendresse.com\/index.php\/author\/latendresse\/\"}]}<\/script>\n<!-- \/ Yoast SEO plugin. -->","yoast_head_json":{"title":"Micha\u00ebl Vessereau | Cie la tendresse","description":"Micha\u00ebl Vessereau est artiste de cirque, metteur en sc\u00e8ne, auteur et magicien. Il m\u00eale les arts du cirque, la magie nouvelle, et le th\u00e9\u00e2tre","robots":{"index":"index","follow":"follow","max-snippet":"max-snippet:-1","max-image-preview":"max-image-preview:large","max-video-preview":"max-video-preview:-1"},"canonical":"https:\/\/www.cielatendresse.com\/index.php\/michael-vessereau\/","og_locale":"fr_FR","og_type":"article","og_title":"Micha\u00ebl Vessereau | Cie la tendresse","og_description":"Micha\u00ebl Vessereau est artiste de cirque, metteur en sc\u00e8ne, auteur et magicien. Il m\u00eale les arts du cirque, la magie nouvelle, et le th\u00e9\u00e2tre","og_url":"https:\/\/www.cielatendresse.com\/index.php\/michael-vessereau\/","og_site_name":"Cie la tendresse","article_publisher":"https:\/\/www.facebook.com\/people\/Ciela-Tendresse\/pfbid02rJFNUK86Njbo7RBg12Vjm8SgveopNGFgyU5eRuJAwHVc9928hsKGXEqeTZ6ZF5UXl\/?rdid=KwRQz4sjGL3bdiQk&share_url=httpswww.facebook.comshare1KcJMXNyNX","article_modified_time":"2025-12-16T14:37:39+00:00","og_image":[{"width":2560,"height":1960,"url":"https:\/\/www.cielatendresse.com\/wp-content\/uploads\/2025\/10\/Cultiver3-scaled.jpg","type":"image\/jpeg"}],"twitter_card":"summary_large_image","twitter_misc":{"Dur\u00e9e de lecture estim\u00e9e":"2 minutes"},"schema":{"@context":"https:\/\/schema.org","@graph":[{"@type":"Article","@id":"https:\/\/www.cielatendresse.com\/index.php\/michael-vessereau\/#article","isPartOf":{"@id":"https:\/\/www.cielatendresse.com\/index.php\/michael-vessereau\/"},"author":{"name":"Cie la tendresse","@id":"https:\/\/www.cielatendresse.com\/#\/schema\/person\/ff0ebc102a097e4f09824881b015a544"},"headline":"Micha\u00ebl Vessereau","datePublished":"2025-09-15T12:21:31+00:00","dateModified":"2025-12-16T14:37:39+00:00","mainEntityOfPage":{"@id":"https:\/\/www.cielatendresse.com\/index.php\/michael-vessereau\/"},"wordCount":196,"publisher":{"@id":"https:\/\/www.cielatendresse.com\/#organization"},"image":{"@id":"https:\/\/www.cielatendresse.com\/index.php\/michael-vessereau\/#primaryimage"},"thumbnailUrl":"https:\/\/www.cielatendresse.com\/wp-content\/uploads\/2025\/10\/Cultiver3-scaled.jpg","inLanguage":"fr-FR"},{"@type":["WebPage","SearchResultsPage"],"@id":"https:\/\/www.cielatendresse.com\/index.php\/michael-vessereau\/","url":"https:\/\/www.cielatendresse.com\/index.php\/michael-vessereau\/","name":"Micha\u00ebl Vessereau | Cie la tendresse","isPartOf":{"@id":"https:\/\/www.cielatendresse.com\/#website"},"primaryImageOfPage":{"@id":"https:\/\/www.cielatendresse.com\/index.php\/michael-vessereau\/#primaryimage"},"image":{"@id":"https:\/\/www.cielatendresse.com\/index.php\/michael-vessereau\/#primaryimage"},"thumbnailUrl":"https:\/\/www.cielatendresse.com\/wp-content\/uploads\/2025\/10\/Cultiver3-scaled.jpg","datePublished":"2025-09-15T12:21:31+00:00","dateModified":"2025-12-16T14:37:39+00:00","description":"Micha\u00ebl Vessereau est artiste de cirque, metteur en sc\u00e8ne, auteur et magicien. Il m\u00eale les arts du cirque, la magie nouvelle, et le th\u00e9\u00e2tre","breadcrumb":{"@id":"https:\/\/www.cielatendresse.com\/index.php\/michael-vessereau\/#breadcrumb"},"inLanguage":"fr-FR","potentialAction":[{"@type":"ReadAction","target":["https:\/\/www.cielatendresse.com\/index.php\/michael-vessereau\/"]}]},{"@type":"ImageObject","inLanguage":"fr-FR","@id":"https:\/\/www.cielatendresse.com\/index.php\/michael-vessereau\/#primaryimage","url":"https:\/\/www.cielatendresse.com\/wp-content\/uploads\/2025\/10\/Cultiver3-scaled.jpg","contentUrl":"https:\/\/www.cielatendresse.com\/wp-content\/uploads\/2025\/10\/Cultiver3-scaled.jpg","width":2560,"height":1960,"caption":"m\u00e9lange cultiver - cie la tendresse"},{"@type":"BreadcrumbList","@id":"https:\/\/www.cielatendresse.com\/index.php\/michael-vessereau\/#breadcrumb","itemListElement":[{"@type":"ListItem","position":1,"name":"Accueil","item":"https:\/\/www.cielatendresse.com\/"},{"@type":"ListItem","position":2,"name":"Micha\u00ebl Vessereau"}]},{"@type":"WebSite","@id":"https:\/\/www.cielatendresse.com\/#website","url":"https:\/\/www.cielatendresse.com\/","name":"Cie La tendresse","description":"spectacles vivants","publisher":{"@id":"https:\/\/www.cielatendresse.com\/#organization"},"alternateName":"La tendresse","potentialAction":[{"@type":"SearchAction","target":{"@type":"EntryPoint","urlTemplate":"https:\/\/www.cielatendresse.com\/?s={search_term_string}"},"query-input":{"@type":"PropertyValueSpecification","valueRequired":true,"valueName":"search_term_string"}}],"inLanguage":"fr-FR"},{"@type":"Organization","@id":"https:\/\/www.cielatendresse.com\/#organization","name":"Cie la tendresse","url":"https:\/\/www.cielatendresse.com\/","logo":{"@type":"ImageObject","inLanguage":"fr-FR","@id":"https:\/\/www.cielatendresse.com\/#\/schema\/logo\/image\/","url":"https:\/\/www.cielatendresse.com\/wp-content\/uploads\/2025\/11\/cropped-logo-carre.jpg","contentUrl":"https:\/\/www.cielatendresse.com\/wp-content\/uploads\/2025\/11\/cropped-logo-carre.jpg","width":696,"height":714,"caption":"Cie la tendresse"},"image":{"@id":"https:\/\/www.cielatendresse.com\/#\/schema\/logo\/image\/"},"sameAs":["https:\/\/www.facebook.com\/people\/Ciela-Tendresse\/pfbid02rJFNUK86Njbo7RBg12Vjm8SgveopNGFgyU5eRuJAwHVc9928hsKGXEqeTZ6ZF5UXl\/?rdid=KwRQz4sjGL3bdiQk&share_url=httpswww.facebook.comshare1KcJMXNyNX","https:\/\/www.instagram.com\/cielatendresse\/?igsh=dXpsOHdsZGQyNmtq","https:\/\/www.youtube.com\/@Cielatendresse"]},{"@type":"Person","@id":"https:\/\/www.cielatendresse.com\/#\/schema\/person\/ff0ebc102a097e4f09824881b015a544","name":"Cie la tendresse","image":{"@type":"ImageObject","inLanguage":"fr-FR","@id":"https:\/\/www.cielatendresse.com\/#\/schema\/person\/image\/","url":"https:\/\/secure.gravatar.com\/avatar\/8d1572756cdc1a333917e4b0f29630bb42eee097b7553c97131dad11eb30c8c0?s=96&d=mm&r=g","contentUrl":"https:\/\/secure.gravatar.com\/avatar\/8d1572756cdc1a333917e4b0f29630bb42eee097b7553c97131dad11eb30c8c0?s=96&d=mm&r=g","caption":"Cie la tendresse"},"sameAs":["https:\/\/www.cielatendresse.com"],"url":"https:\/\/www.cielatendresse.com\/index.php\/author\/latendresse\/"}]}},"_links":{"self":[{"href":"https:\/\/www.cielatendresse.com\/index.php\/wp-json\/wp\/v2\/pages\/14","targetHints":{"allow":["GET"]}}],"collection":[{"href":"https:\/\/www.cielatendresse.com\/index.php\/wp-json\/wp\/v2\/pages"}],"about":[{"href":"https:\/\/www.cielatendresse.com\/index.php\/wp-json\/wp\/v2\/types\/page"}],"author":[{"embeddable":true,"href":"https:\/\/www.cielatendresse.com\/index.php\/wp-json\/wp\/v2\/users\/3"}],"replies":[{"embeddable":true,"href":"https:\/\/www.cielatendresse.com\/index.php\/wp-json\/wp\/v2\/comments?post=14"}],"version-history":[{"count":17,"href":"https:\/\/www.cielatendresse.com\/index.php\/wp-json\/wp\/v2\/pages\/14\/revisions"}],"predecessor-version":[{"id":419,"href":"https:\/\/www.cielatendresse.com\/index.php\/wp-json\/wp\/v2\/pages\/14\/revisions\/419"}],"wp:featuredmedia":[{"embeddable":true,"href":"https:\/\/www.cielatendresse.com\/index.php\/wp-json\/wp\/v2\/media\/113"}],"wp:attachment":[{"href":"https:\/\/www.cielatendresse.com\/index.php\/wp-json\/wp\/v2\/media?parent=14"}],"curies":[{"name":"wp","href":"https:\/\/api.w.org\/{rel}","templated":true}]}}