{"id":23,"date":"2025-09-15T12:26:07","date_gmt":"2025-09-15T12:26:07","guid":{"rendered":"https:\/\/traiwzo.cluster021.hosting.ovh.net\/?page_id=23"},"modified":"2026-01-28T08:23:50","modified_gmt":"2026-01-28T07:23:50","slug":"les-prochaines-dates","status":"publish","type":"page","link":"https:\/\/www.cielatendresse.com\/index.php\/les-prochaines-dates\/","title":{"rendered":"Les prochaines dates"},"content":{"rendered":"\n<h2 class=\"wp-block-heading\"><mark style=\"background-color:rgba(0, 0, 0, 0)\" class=\"has-inline-color has-luminous-vivid-orange-color\">\u00ab\u00a0Cultiver l&rsquo;inattendu\u00a0\u00bb<\/mark><\/h2>\n\n\n\n<p class=\"has-black-color has-text-color has-link-color wp-elements-6e655e88054db33af1e92b77cc2485a2\" style=\"font-size:15px\">&#8211; Puget-Theniers (06) : <a href=\"https:\/\/www.puget-theniers.fr\/wp-content\/uploads\/2025\/10\/Aff-Magie2-compressed.jpg\"><mark style=\"background-color:rgba(0, 0, 0, 0)\" class=\"has-inline-color has-luminous-vivid-orange-color\">21 novembre 2025 \u00e0 18h30<\/mark><\/a><br>&#8211; Toulon et ses environs (83)- <mark style=\"background-color:rgba(0, 0, 0, 0)\" class=\"has-inline-color has-black-color\">Le P\u00f4le<\/mark><mark style=\"background-color:rgba(0, 0, 0, 0)\" class=\"has-inline-color has-luminous-vivid-orange-color\"><\/mark>festival \u00ab\u00a0magic&rsquo;s not real\u00a0\u00bb: <br> <a href=\"https:\/\/www.le-pole.fr\/cultiver-linattendu\" target=\"_blank\" rel=\"noreferrer noopener\"><mark style=\"background-color:rgba(0, 0, 0, 0)\" class=\"has-inline-color has-luminous-vivid-orange-color\">5 d\u00e9c. \u00e0 20h00: ch\u00e2teau de St-Martin de Palli\u00e8res<\/mark><br><mark style=\"background-color:rgba(0, 0, 0, 0)\" class=\"has-inline-color has-luminous-vivid-orange-color\">6 d\u00e9c. \u00e0 20h00: Le T\u00e9l\u00e9graphe \u00e0 Toulon<\/mark><br> <mark style=\"background-color:rgba(0, 0, 0, 0)\" class=\"has-inline-color has-luminous-vivid-orange-color\">7 d\u00e9c. \u00e0 17h00: Saint-Paul en For\u00eat<\/mark><\/a><br>&#8211; Les Pennes-Mirabeau (13): <a href=\"https:\/\/www.ideetheque.fr\/index.php\/agenda\/290-saison22mai\" target=\"_blank\" rel=\"noreferrer noopener\"><mark style=\"background-color:rgba(0, 0, 0, 0)\" class=\"has-inline-color has-luminous-vivid-orange-color\">auditorium de l&rsquo;id\u00e9eth\u00e8que: 22 mai 2026 \u00e0 20h30<\/mark><\/a><br>&#8211; Ollioules (83): <a href=\"https:\/\/www.ollioules.fr\/festival-de-theatre-en-plein-air-les-treteaux\/\" target=\"_blank\" rel=\"noreferrer noopener\"><mark style=\"background-color:rgba(0, 0, 0, 0)\" class=\"has-inline-color has-luminous-vivid-orange-color\">\u00ab\u00a0Festival \u00ab\u00a0Les tr\u00e9teaux\u00a0\u00bb le samedi 1er ao\u00fbt 2026<\/mark><\/a><br><\/p>\n\n\n\n<h2 class=\"wp-block-heading\"><mark style=\"background-color:rgba(0, 0, 0, 0)\" class=\"has-inline-color has-luminous-vivid-orange-color\">Close-up<\/mark><\/h2>\n\n\n\n<p class=\"has-black-color has-text-color has-link-color wp-elements-2c814181467e38cbe735b1dbbb48375a\" style=\"font-size:15px\">&#8211; th\u00e9\u00e2tre d\u2019Arles: ateliers, restitution et close up chez l&rsquo;habitant du 20 au 24 octobre 25<\/p>\n\n\n\n<p class=\"has-black-color has-text-color has-link-color wp-elements-2d188efdec2ffbca7215a6d1ad4089fb\" style=\"font-size:15px\">&#8211; mairie de Castellane (04): close up le 14 novembre 25<\/p>\n\n\n\n<p style=\"font-size:15px\"><\/p>\n\n\n\n<p><\/p>\n","protected":false},"excerpt":{"rendered":"<p>\u00ab\u00a0Cultiver l&rsquo;inattendu\u00a0\u00bb &#8211; Puget-Theniers (06) : 21 novembre 2025 \u00e0 18h30&#8211; Toulon et ses environs (83)- Le P\u00f4lefestival \u00ab\u00a0magic&rsquo;s not real\u00a0\u00bb: 5 d\u00e9c. \u00e0 20h00: ch\u00e2teau de St-Martin de Palli\u00e8res6 d\u00e9c. \u00e0 20h00: Le T\u00e9l\u00e9graphe \u00e0 Toulon 7 d\u00e9c. \u00e0 17h00: Saint-Paul en For\u00eat&#8211; Les Pennes-Mirabeau (13): auditorium de l&rsquo;id\u00e9eth\u00e8que: 22 mai 2026 \u00e0 20h30&#8211;&hellip; <br \/> <a class=\"read-more\" href=\"https:\/\/www.cielatendresse.com\/index.php\/les-prochaines-dates\/\">Lire la suite<\/a><\/p>\n","protected":false},"author":3,"featured_media":203,"parent":0,"menu_order":0,"comment_status":"closed","ping_status":"closed","template":"","meta":{"footnotes":""},"class_list":["post-23","page","type-page","status-publish","has-post-thumbnail","hentry"],"yoast_head":"<!-- This site is optimized with the Yoast SEO plugin v26.8 - https:\/\/yoast.com\/product\/yoast-seo-wordpress\/ -->\n<title>Les prochaines dates | Cie la tendresse<\/title>\n<meta name=\"description\" content=\"les prochaines dates de representations de nos spectacles, interventions et actions culturelles et artistiques.\" \/>\n<meta name=\"robots\" content=\"index, follow, max-snippet:-1, max-image-preview:large, max-video-preview:-1\" \/>\n<link rel=\"canonical\" href=\"https:\/\/www.cielatendresse.com\/index.php\/les-prochaines-dates\/\" \/>\n<meta property=\"og:locale\" content=\"fr_FR\" \/>\n<meta property=\"og:type\" content=\"article\" \/>\n<meta property=\"og:title\" content=\"Les prochaines dates | Cie la tendresse\" \/>\n<meta property=\"og:description\" content=\"les prochaines dates de representations de nos spectacles, interventions et actions culturelles et artistiques.\" \/>\n<meta property=\"og:url\" content=\"https:\/\/www.cielatendresse.com\/index.php\/les-prochaines-dates\/\" \/>\n<meta property=\"og:site_name\" content=\"Cie la tendresse\" \/>\n<meta property=\"article:publisher\" content=\"https:\/\/www.facebook.com\/people\/Ciela-Tendresse\/pfbid02rJFNUK86Njbo7RBg12Vjm8SgveopNGFgyU5eRuJAwHVc9928hsKGXEqeTZ6ZF5UXl\/?rdid=KwRQz4sjGL3bdiQk&amp;share_url=httpswww.facebook.comshare1KcJMXNyNX\" \/>\n<meta property=\"article:modified_time\" content=\"2026-01-28T07:23:50+00:00\" \/>\n<meta property=\"og:image\" content=\"https:\/\/www.cielatendresse.com\/wp-content\/uploads\/2025\/10\/cropped-Cultiver_linattendu_Lauris_42-scaled-2.jpg\" \/>\n\t<meta property=\"og:image:width\" content=\"542\" \/>\n\t<meta property=\"og:image:height\" content=\"360\" \/>\n\t<meta property=\"og:image:type\" content=\"image\/jpeg\" \/>\n<meta name=\"twitter:card\" content=\"summary_large_image\" \/>\n<meta name=\"twitter:label1\" content=\"Dur\u00e9e de lecture estim\u00e9e\" \/>\n\t<meta name=\"twitter:data1\" content=\"1 minute\" \/>\n<script type=\"application\/ld+json\" class=\"yoast-schema-graph\">{\"@context\":\"https:\/\/schema.org\",\"@graph\":[{\"@type\":\"Article\",\"@id\":\"https:\/\/www.cielatendresse.com\/index.php\/les-prochaines-dates\/#article\",\"isPartOf\":{\"@id\":\"https:\/\/www.cielatendresse.com\/index.php\/les-prochaines-dates\/\"},\"author\":{\"name\":\"Cie la tendresse\",\"@id\":\"https:\/\/www.cielatendresse.com\/#\/schema\/person\/ff0ebc102a097e4f09824881b015a544\"},\"headline\":\"Les prochaines dates\",\"datePublished\":\"2025-09-15T12:26:07+00:00\",\"dateModified\":\"2026-01-28T07:23:50+00:00\",\"mainEntityOfPage\":{\"@id\":\"https:\/\/www.cielatendresse.com\/index.php\/les-prochaines-dates\/\"},\"wordCount\":92,\"publisher\":{\"@id\":\"https:\/\/www.cielatendresse.com\/#organization\"},\"image\":{\"@id\":\"https:\/\/www.cielatendresse.com\/index.php\/les-prochaines-dates\/#primaryimage\"},\"thumbnailUrl\":\"https:\/\/www.cielatendresse.com\/wp-content\/uploads\/2025\/10\/cropped-Cultiver_linattendu_Lauris_42-scaled-2.jpg\",\"inLanguage\":\"fr-FR\"},{\"@type\":[\"WebPage\",\"SearchResultsPage\"],\"@id\":\"https:\/\/www.cielatendresse.com\/index.php\/les-prochaines-dates\/\",\"url\":\"https:\/\/www.cielatendresse.com\/index.php\/les-prochaines-dates\/\",\"name\":\"Les prochaines dates | Cie la tendresse\",\"isPartOf\":{\"@id\":\"https:\/\/www.cielatendresse.com\/#website\"},\"primaryImageOfPage\":{\"@id\":\"https:\/\/www.cielatendresse.com\/index.php\/les-prochaines-dates\/#primaryimage\"},\"image\":{\"@id\":\"https:\/\/www.cielatendresse.com\/index.php\/les-prochaines-dates\/#primaryimage\"},\"thumbnailUrl\":\"https:\/\/www.cielatendresse.com\/wp-content\/uploads\/2025\/10\/cropped-Cultiver_linattendu_Lauris_42-scaled-2.jpg\",\"datePublished\":\"2025-09-15T12:26:07+00:00\",\"dateModified\":\"2026-01-28T07:23:50+00:00\",\"description\":\"les prochaines dates de representations de nos spectacles, interventions et actions culturelles et artistiques.\",\"breadcrumb\":{\"@id\":\"https:\/\/www.cielatendresse.com\/index.php\/les-prochaines-dates\/#breadcrumb\"},\"inLanguage\":\"fr-FR\",\"potentialAction\":[{\"@type\":\"ReadAction\",\"target\":[\"https:\/\/www.cielatendresse.com\/index.php\/les-prochaines-dates\/\"]}]},{\"@type\":\"ImageObject\",\"inLanguage\":\"fr-FR\",\"@id\":\"https:\/\/www.cielatendresse.com\/index.php\/les-prochaines-dates\/#primaryimage\",\"url\":\"https:\/\/www.cielatendresse.com\/wp-content\/uploads\/2025\/10\/cropped-Cultiver_linattendu_Lauris_42-scaled-2.jpg\",\"contentUrl\":\"https:\/\/www.cielatendresse.com\/wp-content\/uploads\/2025\/10\/cropped-Cultiver_linattendu_Lauris_42-scaled-2.jpg\",\"width\":542,\"height\":360},{\"@type\":\"BreadcrumbList\",\"@id\":\"https:\/\/www.cielatendresse.com\/index.php\/les-prochaines-dates\/#breadcrumb\",\"itemListElement\":[{\"@type\":\"ListItem\",\"position\":1,\"name\":\"Accueil\",\"item\":\"https:\/\/www.cielatendresse.com\/\"},{\"@type\":\"ListItem\",\"position\":2,\"name\":\"Les prochaines dates\"}]},{\"@type\":\"WebSite\",\"@id\":\"https:\/\/www.cielatendresse.com\/#website\",\"url\":\"https:\/\/www.cielatendresse.com\/\",\"name\":\"Cie La tendresse\",\"description\":\"spectacles vivants\",\"publisher\":{\"@id\":\"https:\/\/www.cielatendresse.com\/#organization\"},\"alternateName\":\"La tendresse\",\"potentialAction\":[{\"@type\":\"SearchAction\",\"target\":{\"@type\":\"EntryPoint\",\"urlTemplate\":\"https:\/\/www.cielatendresse.com\/?s={search_term_string}\"},\"query-input\":{\"@type\":\"PropertyValueSpecification\",\"valueRequired\":true,\"valueName\":\"search_term_string\"}}],\"inLanguage\":\"fr-FR\"},{\"@type\":\"Organization\",\"@id\":\"https:\/\/www.cielatendresse.com\/#organization\",\"name\":\"Cie la tendresse\",\"url\":\"https:\/\/www.cielatendresse.com\/\",\"logo\":{\"@type\":\"ImageObject\",\"inLanguage\":\"fr-FR\",\"@id\":\"https:\/\/www.cielatendresse.com\/#\/schema\/logo\/image\/\",\"url\":\"https:\/\/www.cielatendresse.com\/wp-content\/uploads\/2025\/11\/cropped-logo-carre.jpg\",\"contentUrl\":\"https:\/\/www.cielatendresse.com\/wp-content\/uploads\/2025\/11\/cropped-logo-carre.jpg\",\"width\":696,\"height\":714,\"caption\":\"Cie la tendresse\"},\"image\":{\"@id\":\"https:\/\/www.cielatendresse.com\/#\/schema\/logo\/image\/\"},\"sameAs\":[\"https:\/\/www.facebook.com\/people\/Ciela-Tendresse\/pfbid02rJFNUK86Njbo7RBg12Vjm8SgveopNGFgyU5eRuJAwHVc9928hsKGXEqeTZ6ZF5UXl\/?rdid=KwRQz4sjGL3bdiQk&share_url=httpswww.facebook.comshare1KcJMXNyNX\",\"https:\/\/www.instagram.com\/cielatendresse\/?igsh=dXpsOHdsZGQyNmtq\",\"https:\/\/www.youtube.com\/@Cielatendresse\"]},{\"@type\":\"Person\",\"@id\":\"https:\/\/www.cielatendresse.com\/#\/schema\/person\/ff0ebc102a097e4f09824881b015a544\",\"name\":\"Cie la tendresse\",\"image\":{\"@type\":\"ImageObject\",\"inLanguage\":\"fr-FR\",\"@id\":\"https:\/\/www.cielatendresse.com\/#\/schema\/person\/image\/\",\"url\":\"https:\/\/secure.gravatar.com\/avatar\/8d1572756cdc1a333917e4b0f29630bb42eee097b7553c97131dad11eb30c8c0?s=96&d=mm&r=g\",\"contentUrl\":\"https:\/\/secure.gravatar.com\/avatar\/8d1572756cdc1a333917e4b0f29630bb42eee097b7553c97131dad11eb30c8c0?s=96&d=mm&r=g\",\"caption\":\"Cie la tendresse\"},\"sameAs\":[\"https:\/\/www.cielatendresse.com\"],\"url\":\"https:\/\/www.cielatendresse.com\/index.php\/author\/latendresse\/\"}]}<\/script>\n<!-- \/ Yoast SEO plugin. -->","yoast_head_json":{"title":"Les prochaines dates | Cie la tendresse","description":"les prochaines dates de representations de nos spectacles, interventions et actions culturelles et artistiques.","robots":{"index":"index","follow":"follow","max-snippet":"max-snippet:-1","max-image-preview":"max-image-preview:large","max-video-preview":"max-video-preview:-1"},"canonical":"https:\/\/www.cielatendresse.com\/index.php\/les-prochaines-dates\/","og_locale":"fr_FR","og_type":"article","og_title":"Les prochaines dates | Cie la tendresse","og_description":"les prochaines dates de representations de nos spectacles, interventions et actions culturelles et artistiques.","og_url":"https:\/\/www.cielatendresse.com\/index.php\/les-prochaines-dates\/","og_site_name":"Cie la tendresse","article_publisher":"https:\/\/www.facebook.com\/people\/Ciela-Tendresse\/pfbid02rJFNUK86Njbo7RBg12Vjm8SgveopNGFgyU5eRuJAwHVc9928hsKGXEqeTZ6ZF5UXl\/?rdid=KwRQz4sjGL3bdiQk&share_url=httpswww.facebook.comshare1KcJMXNyNX","article_modified_time":"2026-01-28T07:23:50+00:00","og_image":[{"width":542,"height":360,"url":"https:\/\/www.cielatendresse.com\/wp-content\/uploads\/2025\/10\/cropped-Cultiver_linattendu_Lauris_42-scaled-2.jpg","type":"image\/jpeg"}],"twitter_card":"summary_large_image","twitter_misc":{"Dur\u00e9e de lecture estim\u00e9e":"1 minute"},"schema":{"@context":"https:\/\/schema.org","@graph":[{"@type":"Article","@id":"https:\/\/www.cielatendresse.com\/index.php\/les-prochaines-dates\/#article","isPartOf":{"@id":"https:\/\/www.cielatendresse.com\/index.php\/les-prochaines-dates\/"},"author":{"name":"Cie la tendresse","@id":"https:\/\/www.cielatendresse.com\/#\/schema\/person\/ff0ebc102a097e4f09824881b015a544"},"headline":"Les prochaines dates","datePublished":"2025-09-15T12:26:07+00:00","dateModified":"2026-01-28T07:23:50+00:00","mainEntityOfPage":{"@id":"https:\/\/www.cielatendresse.com\/index.php\/les-prochaines-dates\/"},"wordCount":92,"publisher":{"@id":"https:\/\/www.cielatendresse.com\/#organization"},"image":{"@id":"https:\/\/www.cielatendresse.com\/index.php\/les-prochaines-dates\/#primaryimage"},"thumbnailUrl":"https:\/\/www.cielatendresse.com\/wp-content\/uploads\/2025\/10\/cropped-Cultiver_linattendu_Lauris_42-scaled-2.jpg","inLanguage":"fr-FR"},{"@type":["WebPage","SearchResultsPage"],"@id":"https:\/\/www.cielatendresse.com\/index.php\/les-prochaines-dates\/","url":"https:\/\/www.cielatendresse.com\/index.php\/les-prochaines-dates\/","name":"Les prochaines dates | Cie la tendresse","isPartOf":{"@id":"https:\/\/www.cielatendresse.com\/#website"},"primaryImageOfPage":{"@id":"https:\/\/www.cielatendresse.com\/index.php\/les-prochaines-dates\/#primaryimage"},"image":{"@id":"https:\/\/www.cielatendresse.com\/index.php\/les-prochaines-dates\/#primaryimage"},"thumbnailUrl":"https:\/\/www.cielatendresse.com\/wp-content\/uploads\/2025\/10\/cropped-Cultiver_linattendu_Lauris_42-scaled-2.jpg","datePublished":"2025-09-15T12:26:07+00:00","dateModified":"2026-01-28T07:23:50+00:00","description":"les prochaines dates de representations de nos spectacles, interventions et actions culturelles et artistiques.","breadcrumb":{"@id":"https:\/\/www.cielatendresse.com\/index.php\/les-prochaines-dates\/#breadcrumb"},"inLanguage":"fr-FR","potentialAction":[{"@type":"ReadAction","target":["https:\/\/www.cielatendresse.com\/index.php\/les-prochaines-dates\/"]}]},{"@type":"ImageObject","inLanguage":"fr-FR","@id":"https:\/\/www.cielatendresse.com\/index.php\/les-prochaines-dates\/#primaryimage","url":"https:\/\/www.cielatendresse.com\/wp-content\/uploads\/2025\/10\/cropped-Cultiver_linattendu_Lauris_42-scaled-2.jpg","contentUrl":"https:\/\/www.cielatendresse.com\/wp-content\/uploads\/2025\/10\/cropped-Cultiver_linattendu_Lauris_42-scaled-2.jpg","width":542,"height":360},{"@type":"BreadcrumbList","@id":"https:\/\/www.cielatendresse.com\/index.php\/les-prochaines-dates\/#breadcrumb","itemListElement":[{"@type":"ListItem","position":1,"name":"Accueil","item":"https:\/\/www.cielatendresse.com\/"},{"@type":"ListItem","position":2,"name":"Les prochaines dates"}]},{"@type":"WebSite","@id":"https:\/\/www.cielatendresse.com\/#website","url":"https:\/\/www.cielatendresse.com\/","name":"Cie La tendresse","description":"spectacles vivants","publisher":{"@id":"https:\/\/www.cielatendresse.com\/#organization"},"alternateName":"La tendresse","potentialAction":[{"@type":"SearchAction","target":{"@type":"EntryPoint","urlTemplate":"https:\/\/www.cielatendresse.com\/?s={search_term_string}"},"query-input":{"@type":"PropertyValueSpecification","valueRequired":true,"valueName":"search_term_string"}}],"inLanguage":"fr-FR"},{"@type":"Organization","@id":"https:\/\/www.cielatendresse.com\/#organization","name":"Cie la tendresse","url":"https:\/\/www.cielatendresse.com\/","logo":{"@type":"ImageObject","inLanguage":"fr-FR","@id":"https:\/\/www.cielatendresse.com\/#\/schema\/logo\/image\/","url":"https:\/\/www.cielatendresse.com\/wp-content\/uploads\/2025\/11\/cropped-logo-carre.jpg","contentUrl":"https:\/\/www.cielatendresse.com\/wp-content\/uploads\/2025\/11\/cropped-logo-carre.jpg","width":696,"height":714,"caption":"Cie la tendresse"},"image":{"@id":"https:\/\/www.cielatendresse.com\/#\/schema\/logo\/image\/"},"sameAs":["https:\/\/www.facebook.com\/people\/Ciela-Tendresse\/pfbid02rJFNUK86Njbo7RBg12Vjm8SgveopNGFgyU5eRuJAwHVc9928hsKGXEqeTZ6ZF5UXl\/?rdid=KwRQz4sjGL3bdiQk&share_url=httpswww.facebook.comshare1KcJMXNyNX","https:\/\/www.instagram.com\/cielatendresse\/?igsh=dXpsOHdsZGQyNmtq","https:\/\/www.youtube.com\/@Cielatendresse"]},{"@type":"Person","@id":"https:\/\/www.cielatendresse.com\/#\/schema\/person\/ff0ebc102a097e4f09824881b015a544","name":"Cie la tendresse","image":{"@type":"ImageObject","inLanguage":"fr-FR","@id":"https:\/\/www.cielatendresse.com\/#\/schema\/person\/image\/","url":"https:\/\/secure.gravatar.com\/avatar\/8d1572756cdc1a333917e4b0f29630bb42eee097b7553c97131dad11eb30c8c0?s=96&d=mm&r=g","contentUrl":"https:\/\/secure.gravatar.com\/avatar\/8d1572756cdc1a333917e4b0f29630bb42eee097b7553c97131dad11eb30c8c0?s=96&d=mm&r=g","caption":"Cie la tendresse"},"sameAs":["https:\/\/www.cielatendresse.com"],"url":"https:\/\/www.cielatendresse.com\/index.php\/author\/latendresse\/"}]}},"_links":{"self":[{"href":"https:\/\/www.cielatendresse.com\/index.php\/wp-json\/wp\/v2\/pages\/23","targetHints":{"allow":["GET"]}}],"collection":[{"href":"https:\/\/www.cielatendresse.com\/index.php\/wp-json\/wp\/v2\/pages"}],"about":[{"href":"https:\/\/www.cielatendresse.com\/index.php\/wp-json\/wp\/v2\/types\/page"}],"author":[{"embeddable":true,"href":"https:\/\/www.cielatendresse.com\/index.php\/wp-json\/wp\/v2\/users\/3"}],"replies":[{"embeddable":true,"href":"https:\/\/www.cielatendresse.com\/index.php\/wp-json\/wp\/v2\/comments?post=23"}],"version-history":[{"count":15,"href":"https:\/\/www.cielatendresse.com\/index.php\/wp-json\/wp\/v2\/pages\/23\/revisions"}],"predecessor-version":[{"id":612,"href":"https:\/\/www.cielatendresse.com\/index.php\/wp-json\/wp\/v2\/pages\/23\/revisions\/612"}],"wp:featuredmedia":[{"embeddable":true,"href":"https:\/\/www.cielatendresse.com\/index.php\/wp-json\/wp\/v2\/media\/203"}],"wp:attachment":[{"href":"https:\/\/www.cielatendresse.com\/index.php\/wp-json\/wp\/v2\/media?parent=23"}],"curies":[{"name":"wp","href":"https:\/\/api.w.org\/{rel}","templated":true}]}}