{"id":3,"date":"2025-09-14T16:33:02","date_gmt":"2025-09-14T16:33:02","guid":{"rendered":"http:\/\/traiwzo.cluster021.hosting.ovh.net\/?page_id=3"},"modified":"2025-12-19T09:57:46","modified_gmt":"2025-12-19T08:57:46","slug":"mentions-legales","status":"publish","type":"page","link":"https:\/\/www.cielatendresse.com\/index.php\/mentions-legales\/","title":{"rendered":"Mentions l\u00e9gales"},"content":{"rendered":"<div class=\"wp-block-image\">\n<figure class=\"aligncenter size-full\"><img loading=\"lazy\" decoding=\"async\" width=\"428\" height=\"183\" src=\"https:\/\/www.cielatendresse.com\/wp-content\/uploads\/2025\/11\/LOGO-Cie-LA-TENDRESSE-EN-LONG-2025.png\" alt=\"\" class=\"wp-image-149\" srcset=\"https:\/\/www.cielatendresse.com\/wp-content\/uploads\/2025\/11\/LOGO-Cie-LA-TENDRESSE-EN-LONG-2025.png 428w, https:\/\/www.cielatendresse.com\/wp-content\/uploads\/2025\/11\/LOGO-Cie-LA-TENDRESSE-EN-LONG-2025-300x128.png 300w\" sizes=\"auto, (max-width: 428px) 100vw, 428px\" \/><\/figure>\n<\/div>\n\n\n<h2 class=\"wp-block-heading\"><mark style=\"background-color:rgba(0, 0, 0, 0)\" class=\"has-inline-color has-luminous-vivid-orange-color\">Informations \u00e9diteur<\/mark><\/h2>\n\n\n\n<h3 class=\"wp-block-heading\"><mark style=\"background-color:rgba(0, 0, 0, 0)\" class=\"has-inline-color has-luminous-vivid-orange-color\">\u00c9diteur<\/mark><\/h3>\n\n\n\n<p><mark style=\"background-color:rgba(0, 0, 0, 0)\" class=\"has-inline-color has-black-color\">L\u2019association loi 1901: <\/mark>&nbsp;<a href=\"https:\/\/www.cielatendresse.com\" target=\"_blank\" rel=\"noreferrer noopener\"><mark style=\"background-color:rgba(0, 0, 0, 0)\" class=\"has-inline-color has-luminous-vivid-orange-color\">\u00ab\u00a0Cie la tendresse &#8211; spectacles vivants\u00a0\u00bb<\/mark><\/a><\/p>\n\n\n\n<p><mark style=\"background-color:rgba(0, 0, 0, 0)\" class=\"has-inline-color has-black-color\">Siret: 989 589 890 000 15 \/ APE: 9001Z \/ Licence d&rsquo;entrepreneur du spectacle: 2-004002<br>D\u00e9clar\u00e9 en pr\u00e9fecture sous le num\u00e9ro: W131019358<\/mark><\/p>\n\n\n\n<p><mark style=\"background-color:rgba(0, 0, 0, 0)\" class=\"has-inline-color has-black-color\">Adresse: esplanade de l&rsquo;H\u00f4tel de ville \u2013 13116 Vern\u00e8gues<\/mark><\/p>\n\n\n\n<h3 class=\"wp-block-heading\"><mark style=\"background-color:rgba(0, 0, 0, 0)\" class=\"has-inline-color has-luminous-vivid-orange-color\">Directeur de la publication<\/mark><\/h3>\n\n\n\n<p><mark style=\"background-color:rgba(0, 0, 0, 0)\" class=\"has-inline-color has-black-color\">Elise Martens : Pr\u00e9sidente de l\u2019association<\/mark><\/p>\n\n\n\n<h3 class=\"wp-block-heading\"><mark style=\"background-color:rgba(0, 0, 0, 0)\" class=\"has-inline-color has-luminous-vivid-orange-color\">Graphisme<\/mark><\/h3>\n\n\n\n<p><mark style=\"background-color:rgba(0, 0, 0, 0)\" class=\"has-inline-color has-black-color\">L\u2019association &nbsp;\u00ab\u00a0Cie la tendresse &#8211; spectacles vivants\u00a0\u00bb<\/mark><\/p>\n\n\n\n<h3 class=\"wp-block-heading\"><mark style=\"background-color:rgba(0, 0, 0, 0)\" class=\"has-inline-color has-luminous-vivid-orange-color\">H\u00e9bergement<\/mark><\/h3>\n\n\n\n<p><a href=\"https:\/\/www.ovhcloud.com\/fr\/\" target=\"_blank\" rel=\"noreferrer noopener\"><mark style=\"background-color:rgba(0, 0, 0, 0)\" class=\"has-inline-color has-luminous-vivid-orange-color\">OVH cloud<\/mark><\/a><\/p>\n\n\n\n<h2 class=\"wp-block-heading\"><mark style=\"background-color:rgba(0, 0, 0, 0)\" class=\"has-inline-color has-luminous-vivid-orange-color\">Cr\u00e9dits photographiques \u2013 Mentions l\u00e9gales<\/mark><\/h2>\n\n\n\n<p><mark style=\"background-color:rgba(0, 0, 0, 0)\" class=\"has-inline-color has-black-color\">Comme stipul\u00e9 dans les mentions l\u00e9gales, le contenu de ce site rel\u00e8ve de la l\u00e9gislation fran\u00e7aise sur le droit d\u2019auteur et la propri\u00e9t\u00e9 intellectuelle.<br>Nos mentions l\u00e9gales pr\u00e9cisent que tous les droits de reproduction sont r\u00e9serv\u00e9s, y compris les documents t\u00e9l\u00e9chargeables et les photographies.<\/mark><\/p>\n\n\n\n<p><mark style=\"background-color:rgba(0, 0, 0, 0)\" class=\"has-inline-color has-black-color\">Toute reproduction de ce site est strictement interdite sans autorisation \u00e9crite pr\u00e9alable. Ceci quel qu\u2019en soit le format ou le support.<\/mark><\/p>\n\n\n\n<p><mark style=\"background-color:rgba(0, 0, 0, 0)\" class=\"has-inline-color has-black-color\">L\u2019adresse internet du site de l\u2019association \u00ab\u00a0Cie la tendresse &#8211; spectacles vivants\u00a0\u00bb,<\/mark> <a href=\"https:\/\/www.cielatendresse.com\" target=\"_blank\" rel=\"noreferrer noopener\"><mark style=\"background-color:rgba(0, 0, 0, 0)\" class=\"has-inline-color has-luminous-vivid-orange-color\">www.cielatendresse.com<\/mark><\/a>, <mark style=\"background-color:rgba(0, 0, 0, 0)\" class=\"has-inline-color has-black-color\">suivie de la mention \u00ab\u00a0droits r\u00e9serv\u00e9s\u00a0\u00bb devra appara\u00eetre sur toute reproduction avec autorisation \u00e9crite pr\u00e9alable. Les photos de ce site sont sign\u00e9es Maxence Vincendeau et Julien Soffichiti &#8211; Nindofilms.<\/mark><\/p>\n\n\n\n<p><mark style=\"background-color:rgba(0, 0, 0, 0)\" class=\"has-inline-color has-black-color\">Les droits des photographies et vid\u00e9os pr\u00e9sent\u00e9es sur ce site sont la propri\u00e9t\u00e9 exclusive de l\u2019association la \u00ab\u00a0Cie la tendresse &#8211; spectacles vivants\u00a0\u00bb.<\/mark><\/p>\n\n\n\n<h2 class=\"wp-block-heading\"><mark style=\"background-color:rgba(0, 0, 0, 0)\" class=\"has-inline-color has-luminous-vivid-orange-color\">Port\u00e9e des informations<\/mark><\/h2>\n\n\n\n<p><mark style=\"background-color:rgba(0, 0, 0, 0)\" class=\"has-inline-color has-black-color\">Le but de ce site est de partager les informations relatives aux activit\u00e9s de l\u2019association \u00ab\u00a0Cie la tendresse &#8211; spectacles vivants\u00a0\u00bb.<\/mark><\/p>\n\n\n\n<h2 class=\"wp-block-heading\"><mark style=\"background-color:rgba(0, 0, 0, 0)\" class=\"has-inline-color has-luminous-vivid-orange-color\">Responsabilit\u00e9<\/mark><\/h2>\n\n\n\n<p><mark style=\"background-color:rgba(0, 0, 0, 0)\" class=\"has-inline-color has-black-color\"><strong>L\u2019association<\/strong> <\/mark><a href=\"https:\/\/www.cielatendresse.com\" target=\"_blank\" rel=\"noreferrer noopener\"><mark style=\"background-color:rgba(0, 0, 0, 0)\" class=\"has-inline-color has-luminous-vivid-orange-color\">\u00ab\u00a0Cie la tendresse &#8211; spectacles vivants\u00a0\u00bb<\/mark><\/a> <mark style=\"background-color:rgba(0, 0, 0, 0)\" class=\"has-inline-color has-black-color\">met tout en \u0153uvre pour assurer l\u2019exactitude et la mise \u00e0 jour de l\u2019ensemble des informations fournies sur son site. N\u00e9anmoins, nous ne pouvons pas garantir que celles-ci soient toujours compl\u00e8tes et d\u00e9pourvues d\u2019erreurs.<\/mark><\/p>\n\n\n\n<p><mark style=\"background-color:rgba(0, 0, 0, 0)\" class=\"has-inline-color has-black-color\"><strong>L\u2019association<\/strong> \u00ab\u00a0Cie la tendresse &#8211; spectacles vivants\u00a0\u00bb se r\u00e9serve le droit de corriger ou de modifier, \u00e0 tout moment et sans pr\u00e9avis, le contenu de ce site. Toute tentative de transfert d\u2019information vers un site tiers ou de modification des informations contenues sur ce site est interdite et peut entra\u00eener des poursuites civiles ou p\u00e9nales de la part de la <strong>L\u2019association<\/strong> \u00ab\u00a0Cie la tendresse &#8211; spectacles vivants\u00a0\u00bb.<\/mark><\/p>\n\n\n\n<p><mark style=\"background-color:rgba(0, 0, 0, 0)\" class=\"has-inline-color has-black-color\">La structure associative \u00ab\u00a0Cie la tendresse &#8211; spectacles vivants\u00a0\u00bb ne pourra \u00eatre tenue responsable de l\u2019ensemble des liens hypertextes ou de tout autre \u00e9l\u00e9ment informatique utilis\u00e9, directement ou indirectement, \u00e0 partir du ce site, l\u2019existence d\u2019un lien n\u2019ayant pas pour effet de transf\u00e9rer la responsabilit\u00e9 de <strong>L\u2019association <\/strong>\u00ab\u00a0Cie la tendresse &#8211; spectacles vivants\u00a0\u00bb.<\/mark><\/p>\n\n\n\n<p><mark style=\"background-color:rgba(0, 0, 0, 0)\" class=\"has-inline-color has-black-color\"><strong>L\u2019association<\/strong> \u00ab\u00a0Cie la tendresse &#8211; spectacles vivants\u00a0\u00bb ne garantit pas et ne prend aucun engagement concernant des sites tiers et ne sera pas responsable de leur contenu.<\/mark><\/p>\n\n\n\n<p><mark style=\"background-color:rgba(0, 0, 0, 0)\" class=\"has-inline-color has-black-color\"><strong>L\u2019association<\/strong> \u00ab\u00a0Cie la tendresse &#8211; spectacles vivants\u00a0\u00bb ne peut pas garantir que le serveur accueillant ce site soit exempt de virus et que les fichiers accessibles par t\u00e9l\u00e9chargement sur ce site web ou tout autre site tiers sont d\u00e9pourvus de virus ou d\u2019erreurs de fonctionnement. Nous recommandons aux utilisateurs de prendre les mesures n\u00e9cessaires afin de prot\u00e9ger leur ordinateur. Des intrusions virales et des probl\u00e8mes techniques pourraient endommager les composants de l\u2019ordinateur ou des donn\u00e9es qui pourraient y \u00eatre stock\u00e9es.<\/mark><\/p>\n\n\n\n<p><mark style=\"background-color:rgba(0, 0, 0, 0)\" class=\"has-inline-color has-black-color\">En tout \u00e9tat de cause <strong>L\u2019association<\/strong> \u00ab\u00a0Cie la tendresse &#8211; spectacles vivants\u00a0\u00bb ne pourra \u00eatre responsable d\u2019un dommage quelconque pouvant se produire lors de la connexion et de la navigation sur le site.<\/mark><\/p>\n\n\n\n<h2 class=\"wp-block-heading\"><mark style=\"background-color:rgba(0, 0, 0, 0)\" class=\"has-inline-color has-luminous-vivid-orange-color\">Protection des donn\u00e9es personnelles \u2022 Listes de diffusion \u2022 Informatique et libert\u00e9s<\/mark><\/h2>\n\n\n\n<p><mark style=\"background-color:rgba(0, 0, 0, 0)\" class=\"has-inline-color has-black-color\"><strong>L\u2019association<\/strong> \u00ab\u00a0Cie la tendresse &#8211; spectacles vivants\u00a0\u00bb collecte les informations suivantes uniquement \u00e0 des fins d\u2019inscription \u00e0 ses activit\u00e9s ou afin de r\u00e9pondre aux questions et propositions qui lui seront faites. Ces donn\u00e9es ne sont pas partag\u00e9es.<\/mark><\/p>\n\n\n\n<p><mark style=\"background-color:rgba(0, 0, 0, 0)\" class=\"has-inline-color has-black-color\">Les listes de diffusion de <strong>L\u2019association<\/strong> \u00ab\u00a0Cie la tendresse &#8211; spectacles vivants\u00a0\u00bb sont confidentielles. <strong>L\u2019association<\/strong> \u00ab\u00a0Cie la tendresse &#8211; spectacles vivants\u00a0\u00bb ne communique jamais les courriels de ses adh\u00e9rents et partenaires.<\/mark><br><br><mark style=\"background-color:rgba(0, 0, 0, 0)\" class=\"has-inline-color has-black-color\">La newsletter \u00e9dit\u00e9 par <strong>L\u2019association<\/strong> \u00ab\u00a0Cie la tendresse &#8211; spectacles vivants\u00a0\u00bb est transmise chaque mois. Vous avez, \u00e0 tout moment, la possibilit\u00e9 de modifier votre courriel ou de vous d\u00e9sinscrire de notre liste de diffusion via le lien<\/mark> <a href=\"https:\/\/www.cielatendresse.com\/index.php\/nous-contacter\/\" target=\"_blank\" rel=\"noreferrer noopener\"><mark style=\"background-color:rgba(0, 0, 0, 0)\" class=\"has-inline-color has-luminous-vivid-orange-color\">nous contacter<\/mark><\/a><\/p>\n\n\n\n<p><mark style=\"background-color:rgba(0, 0, 0, 0)\" class=\"has-inline-color has-black-color\">Vous disposez d\u2019un droit d\u2019acc\u00e8s, de modification, de rectification et de suppression des donn\u00e9es qui vous concernent (art. 34 de la loi \u00ab\u00a0Informatique et Libert\u00e9s\u00a0\u00bb du 6 janvier 1978). Pour l\u2019exercer, contactez <strong>L\u2019association<\/strong> \u00ab\u00a0Cie la tendresse &#8211; spectacles vivants\u00a0\u00bbvia le lien<\/mark> <a href=\"https:\/\/www.cielatendresse.com\/index.php\/nous-contacter\/\" target=\"_blank\" rel=\"noreferrer noopener\"><mark style=\"background-color:rgba(0, 0, 0, 0)\" class=\"has-inline-color has-luminous-vivid-orange-color\">nous contacter<\/mark><\/a><\/p>\n\n\n\n<p><\/p>\n","protected":false},"excerpt":{"rendered":"<p>Informations \u00e9diteur \u00c9diteur L\u2019association loi 1901: &nbsp;\u00ab\u00a0Cie la tendresse &#8211; spectacles vivants\u00a0\u00bb Siret: 989 589 890 000 15 \/ APE: 9001Z \/ Licence d&rsquo;entrepreneur du spectacle: 2-004002D\u00e9clar\u00e9 en pr\u00e9fecture sous le num\u00e9ro: W131019358 Adresse: esplanade de l&rsquo;H\u00f4tel de ville \u2013 13116 Vern\u00e8gues Directeur de la publication Elise Martens : Pr\u00e9sidente de l\u2019association Graphisme L\u2019association &nbsp;\u00ab\u00a0Cie&hellip; <br \/> <a class=\"read-more\" href=\"https:\/\/www.cielatendresse.com\/index.php\/mentions-legales\/\">Lire la suite<\/a><\/p>\n","protected":false},"author":3,"featured_media":556,"parent":0,"menu_order":0,"comment_status":"closed","ping_status":"open","template":"","meta":{"footnotes":""},"class_list":["post-3","page","type-page","status-publish","has-post-thumbnail","hentry"],"yoast_head":"<!-- This site is optimized with the Yoast SEO plugin v26.8 - https:\/\/yoast.com\/product\/yoast-seo-wordpress\/ -->\n<title>Mentions l\u00e9gales | Cie la tendresse<\/title>\n<meta name=\"description\" content=\"Les mentions l\u00e9gales de la Cie La tendresse - spectacles vivants. Compagnie artistique m\u00ealant la magie, le cirque, la danse, le th\u00e9\u00e2tre.\" \/>\n<meta name=\"robots\" content=\"index, follow, max-snippet:-1, max-image-preview:large, max-video-preview:-1\" \/>\n<link rel=\"canonical\" href=\"https:\/\/www.cielatendresse.com\/index.php\/mentions-legales\/\" \/>\n<meta property=\"og:locale\" content=\"fr_FR\" \/>\n<meta property=\"og:type\" content=\"article\" \/>\n<meta property=\"og:title\" content=\"Mentions l\u00e9gales | Cie la tendresse\" \/>\n<meta property=\"og:description\" content=\"Les mentions l\u00e9gales de la Cie La tendresse - spectacles vivants. Compagnie artistique m\u00ealant la magie, le cirque, la danse, le th\u00e9\u00e2tre.\" \/>\n<meta property=\"og:url\" content=\"https:\/\/www.cielatendresse.com\/index.php\/mentions-legales\/\" \/>\n<meta property=\"og:site_name\" content=\"Cie la tendresse\" \/>\n<meta property=\"article:publisher\" content=\"https:\/\/www.facebook.com\/people\/Ciela-Tendresse\/pfbid02rJFNUK86Njbo7RBg12Vjm8SgveopNGFgyU5eRuJAwHVc9928hsKGXEqeTZ6ZF5UXl\/?rdid=KwRQz4sjGL3bdiQk&amp;share_url=httpswww.facebook.comshare1KcJMXNyNX\" \/>\n<meta property=\"article:modified_time\" content=\"2025-12-19T08:57:46+00:00\" \/>\n<meta property=\"og:image\" content=\"https:\/\/www.cielatendresse.com\/wp-content\/uploads\/2025\/12\/5.jpg\" \/>\n\t<meta property=\"og:image:width\" content=\"1020\" \/>\n\t<meta property=\"og:image:height\" content=\"680\" \/>\n\t<meta property=\"og:image:type\" content=\"image\/jpeg\" \/>\n<meta name=\"twitter:card\" content=\"summary_large_image\" \/>\n<meta name=\"twitter:label1\" content=\"Dur\u00e9e de lecture estim\u00e9e\" \/>\n\t<meta name=\"twitter:data1\" content=\"4 minutes\" \/>\n<script type=\"application\/ld+json\" class=\"yoast-schema-graph\">{\"@context\":\"https:\/\/schema.org\",\"@graph\":[{\"@type\":\"Article\",\"@id\":\"https:\/\/www.cielatendresse.com\/index.php\/mentions-legales\/#article\",\"isPartOf\":{\"@id\":\"https:\/\/www.cielatendresse.com\/index.php\/mentions-legales\/\"},\"author\":{\"name\":\"Cie la tendresse\",\"@id\":\"https:\/\/www.cielatendresse.com\/#\/schema\/person\/ff0ebc102a097e4f09824881b015a544\"},\"headline\":\"Mentions l\u00e9gales\",\"datePublished\":\"2025-09-14T16:33:02+00:00\",\"dateModified\":\"2025-12-19T08:57:46+00:00\",\"mainEntityOfPage\":{\"@id\":\"https:\/\/www.cielatendresse.com\/index.php\/mentions-legales\/\"},\"wordCount\":769,\"publisher\":{\"@id\":\"https:\/\/www.cielatendresse.com\/#organization\"},\"image\":{\"@id\":\"https:\/\/www.cielatendresse.com\/index.php\/mentions-legales\/#primaryimage\"},\"thumbnailUrl\":\"https:\/\/www.cielatendresse.com\/wp-content\/uploads\/2025\/12\/5.jpg\",\"inLanguage\":\"fr-FR\"},{\"@type\":[\"WebPage\",\"SearchResultsPage\"],\"@id\":\"https:\/\/www.cielatendresse.com\/index.php\/mentions-legales\/\",\"url\":\"https:\/\/www.cielatendresse.com\/index.php\/mentions-legales\/\",\"name\":\"Mentions l\u00e9gales | Cie la tendresse\",\"isPartOf\":{\"@id\":\"https:\/\/www.cielatendresse.com\/#website\"},\"primaryImageOfPage\":{\"@id\":\"https:\/\/www.cielatendresse.com\/index.php\/mentions-legales\/#primaryimage\"},\"image\":{\"@id\":\"https:\/\/www.cielatendresse.com\/index.php\/mentions-legales\/#primaryimage\"},\"thumbnailUrl\":\"https:\/\/www.cielatendresse.com\/wp-content\/uploads\/2025\/12\/5.jpg\",\"datePublished\":\"2025-09-14T16:33:02+00:00\",\"dateModified\":\"2025-12-19T08:57:46+00:00\",\"description\":\"Les mentions l\u00e9gales de la Cie La tendresse - spectacles vivants. Compagnie artistique m\u00ealant la magie, le cirque, la danse, le th\u00e9\u00e2tre.\",\"breadcrumb\":{\"@id\":\"https:\/\/www.cielatendresse.com\/index.php\/mentions-legales\/#breadcrumb\"},\"inLanguage\":\"fr-FR\",\"potentialAction\":[{\"@type\":\"ReadAction\",\"target\":[\"https:\/\/www.cielatendresse.com\/index.php\/mentions-legales\/\"]}]},{\"@type\":\"ImageObject\",\"inLanguage\":\"fr-FR\",\"@id\":\"https:\/\/www.cielatendresse.com\/index.php\/mentions-legales\/#primaryimage\",\"url\":\"https:\/\/www.cielatendresse.com\/wp-content\/uploads\/2025\/12\/5.jpg\",\"contentUrl\":\"https:\/\/www.cielatendresse.com\/wp-content\/uploads\/2025\/12\/5.jpg\",\"width\":1020,\"height\":680},{\"@type\":\"BreadcrumbList\",\"@id\":\"https:\/\/www.cielatendresse.com\/index.php\/mentions-legales\/#breadcrumb\",\"itemListElement\":[{\"@type\":\"ListItem\",\"position\":1,\"name\":\"Accueil\",\"item\":\"https:\/\/www.cielatendresse.com\/\"},{\"@type\":\"ListItem\",\"position\":2,\"name\":\"Mentions l\u00e9gales\"}]},{\"@type\":\"WebSite\",\"@id\":\"https:\/\/www.cielatendresse.com\/#website\",\"url\":\"https:\/\/www.cielatendresse.com\/\",\"name\":\"Cie La tendresse\",\"description\":\"spectacles vivants\",\"publisher\":{\"@id\":\"https:\/\/www.cielatendresse.com\/#organization\"},\"alternateName\":\"La tendresse\",\"potentialAction\":[{\"@type\":\"SearchAction\",\"target\":{\"@type\":\"EntryPoint\",\"urlTemplate\":\"https:\/\/www.cielatendresse.com\/?s={search_term_string}\"},\"query-input\":{\"@type\":\"PropertyValueSpecification\",\"valueRequired\":true,\"valueName\":\"search_term_string\"}}],\"inLanguage\":\"fr-FR\"},{\"@type\":\"Organization\",\"@id\":\"https:\/\/www.cielatendresse.com\/#organization\",\"name\":\"Cie la tendresse\",\"url\":\"https:\/\/www.cielatendresse.com\/\",\"logo\":{\"@type\":\"ImageObject\",\"inLanguage\":\"fr-FR\",\"@id\":\"https:\/\/www.cielatendresse.com\/#\/schema\/logo\/image\/\",\"url\":\"https:\/\/www.cielatendresse.com\/wp-content\/uploads\/2025\/11\/cropped-logo-carre.jpg\",\"contentUrl\":\"https:\/\/www.cielatendresse.com\/wp-content\/uploads\/2025\/11\/cropped-logo-carre.jpg\",\"width\":696,\"height\":714,\"caption\":\"Cie la tendresse\"},\"image\":{\"@id\":\"https:\/\/www.cielatendresse.com\/#\/schema\/logo\/image\/\"},\"sameAs\":[\"https:\/\/www.facebook.com\/people\/Ciela-Tendresse\/pfbid02rJFNUK86Njbo7RBg12Vjm8SgveopNGFgyU5eRuJAwHVc9928hsKGXEqeTZ6ZF5UXl\/?rdid=KwRQz4sjGL3bdiQk&share_url=httpswww.facebook.comshare1KcJMXNyNX\",\"https:\/\/www.instagram.com\/cielatendresse\/?igsh=dXpsOHdsZGQyNmtq\",\"https:\/\/www.youtube.com\/@Cielatendresse\"]},{\"@type\":\"Person\",\"@id\":\"https:\/\/www.cielatendresse.com\/#\/schema\/person\/ff0ebc102a097e4f09824881b015a544\",\"name\":\"Cie la tendresse\",\"image\":{\"@type\":\"ImageObject\",\"inLanguage\":\"fr-FR\",\"@id\":\"https:\/\/www.cielatendresse.com\/#\/schema\/person\/image\/\",\"url\":\"https:\/\/secure.gravatar.com\/avatar\/8d1572756cdc1a333917e4b0f29630bb42eee097b7553c97131dad11eb30c8c0?s=96&d=mm&r=g\",\"contentUrl\":\"https:\/\/secure.gravatar.com\/avatar\/8d1572756cdc1a333917e4b0f29630bb42eee097b7553c97131dad11eb30c8c0?s=96&d=mm&r=g\",\"caption\":\"Cie la tendresse\"},\"sameAs\":[\"https:\/\/www.cielatendresse.com\"],\"url\":\"https:\/\/www.cielatendresse.com\/index.php\/author\/latendresse\/\"}]}<\/script>\n<!-- \/ Yoast SEO plugin. -->","yoast_head_json":{"title":"Mentions l\u00e9gales | Cie la tendresse","description":"Les mentions l\u00e9gales de la Cie La tendresse - spectacles vivants. Compagnie artistique m\u00ealant la magie, le cirque, la danse, le th\u00e9\u00e2tre.","robots":{"index":"index","follow":"follow","max-snippet":"max-snippet:-1","max-image-preview":"max-image-preview:large","max-video-preview":"max-video-preview:-1"},"canonical":"https:\/\/www.cielatendresse.com\/index.php\/mentions-legales\/","og_locale":"fr_FR","og_type":"article","og_title":"Mentions l\u00e9gales | Cie la tendresse","og_description":"Les mentions l\u00e9gales de la Cie La tendresse - spectacles vivants. Compagnie artistique m\u00ealant la magie, le cirque, la danse, le th\u00e9\u00e2tre.","og_url":"https:\/\/www.cielatendresse.com\/index.php\/mentions-legales\/","og_site_name":"Cie la tendresse","article_publisher":"https:\/\/www.facebook.com\/people\/Ciela-Tendresse\/pfbid02rJFNUK86Njbo7RBg12Vjm8SgveopNGFgyU5eRuJAwHVc9928hsKGXEqeTZ6ZF5UXl\/?rdid=KwRQz4sjGL3bdiQk&share_url=httpswww.facebook.comshare1KcJMXNyNX","article_modified_time":"2025-12-19T08:57:46+00:00","og_image":[{"width":1020,"height":680,"url":"https:\/\/www.cielatendresse.com\/wp-content\/uploads\/2025\/12\/5.jpg","type":"image\/jpeg"}],"twitter_card":"summary_large_image","twitter_misc":{"Dur\u00e9e de lecture estim\u00e9e":"4 minutes"},"schema":{"@context":"https:\/\/schema.org","@graph":[{"@type":"Article","@id":"https:\/\/www.cielatendresse.com\/index.php\/mentions-legales\/#article","isPartOf":{"@id":"https:\/\/www.cielatendresse.com\/index.php\/mentions-legales\/"},"author":{"name":"Cie la tendresse","@id":"https:\/\/www.cielatendresse.com\/#\/schema\/person\/ff0ebc102a097e4f09824881b015a544"},"headline":"Mentions l\u00e9gales","datePublished":"2025-09-14T16:33:02+00:00","dateModified":"2025-12-19T08:57:46+00:00","mainEntityOfPage":{"@id":"https:\/\/www.cielatendresse.com\/index.php\/mentions-legales\/"},"wordCount":769,"publisher":{"@id":"https:\/\/www.cielatendresse.com\/#organization"},"image":{"@id":"https:\/\/www.cielatendresse.com\/index.php\/mentions-legales\/#primaryimage"},"thumbnailUrl":"https:\/\/www.cielatendresse.com\/wp-content\/uploads\/2025\/12\/5.jpg","inLanguage":"fr-FR"},{"@type":["WebPage","SearchResultsPage"],"@id":"https:\/\/www.cielatendresse.com\/index.php\/mentions-legales\/","url":"https:\/\/www.cielatendresse.com\/index.php\/mentions-legales\/","name":"Mentions l\u00e9gales | Cie la tendresse","isPartOf":{"@id":"https:\/\/www.cielatendresse.com\/#website"},"primaryImageOfPage":{"@id":"https:\/\/www.cielatendresse.com\/index.php\/mentions-legales\/#primaryimage"},"image":{"@id":"https:\/\/www.cielatendresse.com\/index.php\/mentions-legales\/#primaryimage"},"thumbnailUrl":"https:\/\/www.cielatendresse.com\/wp-content\/uploads\/2025\/12\/5.jpg","datePublished":"2025-09-14T16:33:02+00:00","dateModified":"2025-12-19T08:57:46+00:00","description":"Les mentions l\u00e9gales de la Cie La tendresse - spectacles vivants. Compagnie artistique m\u00ealant la magie, le cirque, la danse, le th\u00e9\u00e2tre.","breadcrumb":{"@id":"https:\/\/www.cielatendresse.com\/index.php\/mentions-legales\/#breadcrumb"},"inLanguage":"fr-FR","potentialAction":[{"@type":"ReadAction","target":["https:\/\/www.cielatendresse.com\/index.php\/mentions-legales\/"]}]},{"@type":"ImageObject","inLanguage":"fr-FR","@id":"https:\/\/www.cielatendresse.com\/index.php\/mentions-legales\/#primaryimage","url":"https:\/\/www.cielatendresse.com\/wp-content\/uploads\/2025\/12\/5.jpg","contentUrl":"https:\/\/www.cielatendresse.com\/wp-content\/uploads\/2025\/12\/5.jpg","width":1020,"height":680},{"@type":"BreadcrumbList","@id":"https:\/\/www.cielatendresse.com\/index.php\/mentions-legales\/#breadcrumb","itemListElement":[{"@type":"ListItem","position":1,"name":"Accueil","item":"https:\/\/www.cielatendresse.com\/"},{"@type":"ListItem","position":2,"name":"Mentions l\u00e9gales"}]},{"@type":"WebSite","@id":"https:\/\/www.cielatendresse.com\/#website","url":"https:\/\/www.cielatendresse.com\/","name":"Cie La tendresse","description":"spectacles vivants","publisher":{"@id":"https:\/\/www.cielatendresse.com\/#organization"},"alternateName":"La tendresse","potentialAction":[{"@type":"SearchAction","target":{"@type":"EntryPoint","urlTemplate":"https:\/\/www.cielatendresse.com\/?s={search_term_string}"},"query-input":{"@type":"PropertyValueSpecification","valueRequired":true,"valueName":"search_term_string"}}],"inLanguage":"fr-FR"},{"@type":"Organization","@id":"https:\/\/www.cielatendresse.com\/#organization","name":"Cie la tendresse","url":"https:\/\/www.cielatendresse.com\/","logo":{"@type":"ImageObject","inLanguage":"fr-FR","@id":"https:\/\/www.cielatendresse.com\/#\/schema\/logo\/image\/","url":"https:\/\/www.cielatendresse.com\/wp-content\/uploads\/2025\/11\/cropped-logo-carre.jpg","contentUrl":"https:\/\/www.cielatendresse.com\/wp-content\/uploads\/2025\/11\/cropped-logo-carre.jpg","width":696,"height":714,"caption":"Cie la tendresse"},"image":{"@id":"https:\/\/www.cielatendresse.com\/#\/schema\/logo\/image\/"},"sameAs":["https:\/\/www.facebook.com\/people\/Ciela-Tendresse\/pfbid02rJFNUK86Njbo7RBg12Vjm8SgveopNGFgyU5eRuJAwHVc9928hsKGXEqeTZ6ZF5UXl\/?rdid=KwRQz4sjGL3bdiQk&share_url=httpswww.facebook.comshare1KcJMXNyNX","https:\/\/www.instagram.com\/cielatendresse\/?igsh=dXpsOHdsZGQyNmtq","https:\/\/www.youtube.com\/@Cielatendresse"]},{"@type":"Person","@id":"https:\/\/www.cielatendresse.com\/#\/schema\/person\/ff0ebc102a097e4f09824881b015a544","name":"Cie la tendresse","image":{"@type":"ImageObject","inLanguage":"fr-FR","@id":"https:\/\/www.cielatendresse.com\/#\/schema\/person\/image\/","url":"https:\/\/secure.gravatar.com\/avatar\/8d1572756cdc1a333917e4b0f29630bb42eee097b7553c97131dad11eb30c8c0?s=96&d=mm&r=g","contentUrl":"https:\/\/secure.gravatar.com\/avatar\/8d1572756cdc1a333917e4b0f29630bb42eee097b7553c97131dad11eb30c8c0?s=96&d=mm&r=g","caption":"Cie la tendresse"},"sameAs":["https:\/\/www.cielatendresse.com"],"url":"https:\/\/www.cielatendresse.com\/index.php\/author\/latendresse\/"}]}},"_links":{"self":[{"href":"https:\/\/www.cielatendresse.com\/index.php\/wp-json\/wp\/v2\/pages\/3","targetHints":{"allow":["GET"]}}],"collection":[{"href":"https:\/\/www.cielatendresse.com\/index.php\/wp-json\/wp\/v2\/pages"}],"about":[{"href":"https:\/\/www.cielatendresse.com\/index.php\/wp-json\/wp\/v2\/types\/page"}],"author":[{"embeddable":true,"href":"https:\/\/www.cielatendresse.com\/index.php\/wp-json\/wp\/v2\/users\/3"}],"replies":[{"embeddable":true,"href":"https:\/\/www.cielatendresse.com\/index.php\/wp-json\/wp\/v2\/comments?post=3"}],"version-history":[{"count":13,"href":"https:\/\/www.cielatendresse.com\/index.php\/wp-json\/wp\/v2\/pages\/3\/revisions"}],"predecessor-version":[{"id":480,"href":"https:\/\/www.cielatendresse.com\/index.php\/wp-json\/wp\/v2\/pages\/3\/revisions\/480"}],"wp:featuredmedia":[{"embeddable":true,"href":"https:\/\/www.cielatendresse.com\/index.php\/wp-json\/wp\/v2\/media\/556"}],"wp:attachment":[{"href":"https:\/\/www.cielatendresse.com\/index.php\/wp-json\/wp\/v2\/media?parent=3"}],"curies":[{"name":"wp","href":"https:\/\/api.w.org\/{rel}","templated":true}]}}