{"id":74,"date":"2025-10-03T16:12:11","date_gmt":"2025-10-03T14:12:11","guid":{"rendered":"https:\/\/www.cielatendresse.com\/?page_id=74"},"modified":"2025-12-19T09:58:38","modified_gmt":"2025-12-19T08:58:38","slug":"nous-contacter","status":"publish","type":"page","link":"https:\/\/www.cielatendresse.com\/index.php\/nous-contacter\/","title":{"rendered":"Nous contacter"},"content":{"rendered":"<div class=\"wp-block-image\">\n<figure class=\"aligncenter size-full\"><a href=\"https:\/\/www.cielatendresse.com\/index.php\/la-cie\/\" target=\"_blank\" rel=\" noreferrer noopener\"><img loading=\"lazy\" decoding=\"async\" width=\"428\" height=\"183\" src=\"https:\/\/www.cielatendresse.com\/wp-content\/uploads\/2025\/11\/cropped-LOGO-Cie-LA-TENDRESSE-EN-LONG-2025.png\" alt=\"\" class=\"wp-image-225\" srcset=\"https:\/\/www.cielatendresse.com\/wp-content\/uploads\/2025\/11\/cropped-LOGO-Cie-LA-TENDRESSE-EN-LONG-2025.png 428w, https:\/\/www.cielatendresse.com\/wp-content\/uploads\/2025\/11\/cropped-LOGO-Cie-LA-TENDRESSE-EN-LONG-2025-300x128.png 300w\" sizes=\"auto, (max-width: 428px) 100vw, 428px\" \/><\/a><\/figure>\n<\/div>\n\n<style id=\"wpforms-css-vars-210\">\n\t\t\t\t#wpforms-210 {\n\t\t\t\t--wpforms-field-border-style: dashed;\n--wpforms-field-border-radius: 10px;\n--wpforms-field-border-color: #ff7f0f;\n--wpforms-field-border-color-spare: #ff7f0f;\n--wpforms-field-text-color: #444444;\n--wpforms-label-color: #ff7f0f;\n--wpforms-label-sublabel-color: #ff7f0f;\n--wpforms-label-error-color: #ff0000;\n--wpforms-button-border-style: dashed;\n--wpforms-button-border-radius: 0px;\n--wpforms-button-background-color: #ff7f0f;\n--wpforms-button-border-color: #ff7f0f;\n--wpforms-button-text-color: #666666;\n--wpforms-container-padding: 0px;\n--wpforms-container-border-width: 1px;\n--wpforms-container-border-radius: 3px;\n--wpforms-background-color: rgba(0, 0, 0, 0);\n--wpforms-page-break-color: #dddddd;\n--wpforms-field-size-input-height: 31px;\n--wpforms-field-size-input-spacing: 10px;\n--wpforms-field-size-font-size: 14px;\n--wpforms-field-size-line-height: 17px;\n--wpforms-field-size-padding-h: 9px;\n--wpforms-field-size-checkbox-size: 14px;\n--wpforms-field-size-sublabel-spacing: 5px;\n--wpforms-field-size-icon-size: 0.75;\n--wpforms-label-size-font-size: 14px;\n--wpforms-label-size-line-height: 17px;\n--wpforms-label-size-sublabel-font-size: 13px;\n--wpforms-label-size-sublabel-line-height: 16px;\n--wpforms-button-size-font-size: 17px;\n--wpforms-button-size-height: 41px;\n--wpforms-button-size-padding-h: 15px;\n--wpforms-button-size-margin-top: 10px;\n--wpforms-container-shadow-size-box-shadow: none;\n\t\t\t}\n\t\t\t<\/style><div class=\"wpforms-container wpforms-container-full wpforms-render-modern\" id=\"wpforms-210\"><form id=\"wpforms-form-210\" class=\"wpforms-validate wpforms-form wpforms-ajax-form\" data-formid=\"210\" method=\"post\" enctype=\"multipart\/form-data\" action=\"\/index.php\/wp-json\/wp\/v2\/pages\/74\" data-token=\"d5b2dccaa55d5b8385a42115dc13aa12\" data-token-time=\"1776322326\"><noscript class=\"wpforms-error-noscript\">Veuillez activer JavaScript dans votre navigateur pour remplir ce formulaire.<\/noscript><div id=\"wpforms-error-noscript\" style=\"display: none;\">Veuillez activer JavaScript dans votre navigateur pour remplir ce formulaire.<\/div><div class=\"wpforms-field-container\"><div id=\"wpforms-210-field_3-container\" class=\"wpforms-field wpforms-field-name\" data-field-id=\"3\"><fieldset><legend class=\"wpforms-field-label\">Nom <span class=\"wpforms-required-label\" aria-hidden=\"true\">*<\/span><\/legend><div class=\"wpforms-field-row wpforms-field-medium\"><div class=\"wpforms-field-row-block wpforms-first wpforms-one-half\"><input type=\"text\" id=\"wpforms-210-field_3\" class=\"wpforms-field-name-first wpforms-field-required\" name=\"wpforms[fields][3][first]\" aria-errormessage=\"wpforms-210-field_3-error\" required><label for=\"wpforms-210-field_3\" class=\"wpforms-field-sublabel after\">Pr\u00e9nom<\/label><\/div><div class=\"wpforms-field-row-block wpforms-one-half\"><input type=\"text\" id=\"wpforms-210-field_3-last\" class=\"wpforms-field-name-last wpforms-field-required\" name=\"wpforms[fields][3][last]\" aria-errormessage=\"wpforms-210-field_3-last-error\" required><label for=\"wpforms-210-field_3-last\" class=\"wpforms-field-sublabel after\">Nom<\/label><\/div><\/div><\/fieldset><\/div>\t\t<div id=\"wpforms-210-field_1-container\"\n\t\t\tclass=\"wpforms-field wpforms-field-text\"\n\t\t\tdata-field-type=\"text\"\n\t\t\tdata-field-id=\"1\"\n\t\t\t>\n\t\t\t<label class=\"wpforms-field-label\" for=\"wpforms-210-field_1\" >contactez Nom mot<\/label>\n\t\t\t<input type=\"text\" id=\"wpforms-210-field_1\" class=\"wpforms-field-medium\" name=\"wpforms[fields][1]\" >\n\t\t<\/div>\n\t\t<div id=\"wpforms-210-field_2-container\" class=\"wpforms-field wpforms-field-email\" data-field-id=\"2\"><label class=\"wpforms-field-label\" for=\"wpforms-210-field_2\">E-mail <span class=\"wpforms-required-label\" aria-hidden=\"true\">*<\/span><\/label><input type=\"email\" id=\"wpforms-210-field_2\" class=\"wpforms-field-medium wpforms-field-required\" name=\"wpforms[fields][2]\" spellcheck=\"false\" aria-errormessage=\"wpforms-210-field_2-error\" required><\/div><div id=\"wpforms-210-field_5-container\" class=\"wpforms-field wpforms-field-checkbox wpforms-list-2-columns\" data-field-id=\"5\"><fieldset><legend class=\"wpforms-field-label\">Vous nous contactez pour: <span class=\"wpforms-required-label\" aria-hidden=\"true\">*<\/span><\/legend><ul id=\"wpforms-210-field_5\" class=\"wpforms-field-required\"><li class=\"choice-1 depth-1\"><input type=\"checkbox\" id=\"wpforms-210-field_5_1\" name=\"wpforms[fields][5][]\" value=\"Proposition de programmation\" aria-errormessage=\"wpforms-210-field_5_1-error\" required ><label class=\"wpforms-field-label-inline\" for=\"wpforms-210-field_5_1\">Proposition de programmation<\/label><\/li><li class=\"choice-2 depth-1\"><input type=\"checkbox\" id=\"wpforms-210-field_5_2\" name=\"wpforms[fields][5][]\" value=\"Demande de devis\" aria-errormessage=\"wpforms-210-field_5_2-error\" required ><label class=\"wpforms-field-label-inline\" for=\"wpforms-210-field_5_2\">Demande de devis<\/label><\/li><li class=\"choice-3 depth-1\"><input type=\"checkbox\" id=\"wpforms-210-field_5_3\" name=\"wpforms[fields][5][]\" value=\"Un projet de partenariat\" aria-errormessage=\"wpforms-210-field_5_3-error\" required ><label class=\"wpforms-field-label-inline\" for=\"wpforms-210-field_5_3\">Un projet de partenariat<\/label><\/li><li class=\"choice-4 depth-1\"><input type=\"checkbox\" id=\"wpforms-210-field_5_4\" name=\"wpforms[fields][5][]\" value=\"Demande de dossier artistique\" aria-errormessage=\"wpforms-210-field_5_4-error\" required ><label class=\"wpforms-field-label-inline\" for=\"wpforms-210-field_5_4\">Demande de dossier artistique<\/label><\/li><li class=\"choice-6 depth-1\"><input type=\"checkbox\" id=\"wpforms-210-field_5_6\" name=\"wpforms[fields][5][]\" value=\"Inscription newsletter\" aria-errormessage=\"wpforms-210-field_5_6-error\" required ><label class=\"wpforms-field-label-inline\" for=\"wpforms-210-field_5_6\">Inscription newsletter<\/label><\/li><li class=\"choice-5 depth-1\"><input type=\"checkbox\" id=\"wpforms-210-field_5_5\" name=\"wpforms[fields][5][]\" value=\"autre demande\" aria-errormessage=\"wpforms-210-field_5_5-error\" required ><label class=\"wpforms-field-label-inline\" for=\"wpforms-210-field_5_5\">autre demande<\/label><\/li><\/ul><\/fieldset><\/div><div id=\"wpforms-210-field_6-container\" class=\"wpforms-field wpforms-field-textarea\" data-field-id=\"6\"><label class=\"wpforms-field-label\" for=\"wpforms-210-field_6\">Un mot \u00e0 ajouter ?<\/label><textarea id=\"wpforms-210-field_6\" class=\"wpforms-field-medium\" name=\"wpforms[fields][6]\" aria-errormessage=\"wpforms-210-field_6-error\" ><\/textarea><\/div><script>\n\t\t\t\t( function() {\n\t\t\t\t\tconst style = document.createElement( 'style' );\n\t\t\t\t\tstyle.appendChild( document.createTextNode( '#wpforms-210-field_1-container { position: absolute !important; overflow: hidden !important; display: inline !important; height: 1px !important; width: 1px !important; z-index: -1000 !important; padding: 0 !important; } #wpforms-210-field_1-container input { visibility: hidden; } #wpforms-conversational-form-page #wpforms-210-field_1-container label { counter-increment: none; }' ) );\n\t\t\t\t\tdocument.head.appendChild( style );\n\t\t\t\t\tdocument.currentScript?.remove();\n\t\t\t\t} )();\n\t\t\t<\/script><\/div><!-- .wpforms-field-container --><div class=\"wpforms-submit-container\" ><input type=\"hidden\" name=\"wpforms[id]\" value=\"210\"><input type=\"hidden\" name=\"page_title\" value=\"\"><input type=\"hidden\" name=\"page_url\" value=\"https:\/\/www.cielatendresse.com\/index.php\/wp-json\/wp\/v2\/pages\/74\"><input type=\"hidden\" name=\"url_referer\" value=\"\"><button type=\"submit\" name=\"wpforms[submit]\" id=\"wpforms-submit-210\" class=\"wpforms-submit\" data-alt-text=\"Envoi...\" data-submit-text=\"Envoyer\" aria-live=\"assertive\" value=\"wpforms-submit\">Envoyer<\/button><img loading=\"lazy\" decoding=\"async\" src=\"https:\/\/www.cielatendresse.com\/wp-content\/plugins\/wpforms-lite\/assets\/images\/submit-spin.svg\" class=\"wpforms-submit-spinner\" style=\"display: none;\" width=\"26\" height=\"26\" alt=\"Chargement en cours\"><\/div><\/form><\/div>  <!-- .wpforms-container -->\n","protected":false},"excerpt":{"rendered":"","protected":false},"author":3,"featured_media":552,"parent":0,"menu_order":0,"comment_status":"closed","ping_status":"closed","template":"","meta":{"footnotes":""},"class_list":["post-74","page","type-page","status-publish","has-post-thumbnail","hentry"],"yoast_head":"<!-- This site is optimized with the Yoast SEO plugin v26.8 - https:\/\/yoast.com\/product\/yoast-seo-wordpress\/ -->\n<title>Nous contacter | Cie la tendresse<\/title>\n<meta name=\"description\" content=\"Pour contacter la Cie La tendresse - spectacles vivants. Compagnie artistique m\u00ealant magie, cirque, danse, th\u00e9\u00e2tre\" \/>\n<meta name=\"robots\" content=\"index, follow, max-snippet:-1, max-image-preview:large, max-video-preview:-1\" \/>\n<link rel=\"canonical\" href=\"https:\/\/www.cielatendresse.com\/index.php\/nous-contacter\/\" \/>\n<meta property=\"og:locale\" content=\"fr_FR\" \/>\n<meta property=\"og:type\" content=\"article\" \/>\n<meta property=\"og:title\" content=\"Nous contacter | Cie la tendresse\" \/>\n<meta property=\"og:description\" content=\"Pour contacter la Cie La tendresse - spectacles vivants. Compagnie artistique m\u00ealant magie, cirque, danse, th\u00e9\u00e2tre\" \/>\n<meta property=\"og:url\" content=\"https:\/\/www.cielatendresse.com\/index.php\/nous-contacter\/\" \/>\n<meta property=\"og:site_name\" content=\"Cie la tendresse\" \/>\n<meta property=\"article:publisher\" content=\"https:\/\/www.facebook.com\/people\/Ciela-Tendresse\/pfbid02rJFNUK86Njbo7RBg12Vjm8SgveopNGFgyU5eRuJAwHVc9928hsKGXEqeTZ6ZF5UXl\/?rdid=KwRQz4sjGL3bdiQk&amp;share_url=httpswww.facebook.comshare1KcJMXNyNX\" \/>\n<meta property=\"article:modified_time\" content=\"2025-12-19T08:58:38+00:00\" \/>\n<meta property=\"og:image\" content=\"https:\/\/www.cielatendresse.com\/wp-content\/uploads\/2025\/12\/1.jpg\" \/>\n\t<meta property=\"og:image:width\" content=\"1020\" \/>\n\t<meta property=\"og:image:height\" content=\"680\" \/>\n\t<meta property=\"og:image:type\" content=\"image\/jpeg\" \/>\n<meta name=\"twitter:card\" content=\"summary_large_image\" \/>\n<meta name=\"twitter:label1\" content=\"Dur\u00e9e de lecture estim\u00e9e\" \/>\n\t<meta name=\"twitter:data1\" content=\"1 minute\" \/>\n<script type=\"application\/ld+json\" class=\"yoast-schema-graph\">{\"@context\":\"https:\/\/schema.org\",\"@graph\":[{\"@type\":\"Article\",\"@id\":\"https:\/\/www.cielatendresse.com\/index.php\/nous-contacter\/#article\",\"isPartOf\":{\"@id\":\"https:\/\/www.cielatendresse.com\/index.php\/nous-contacter\/\"},\"author\":{\"name\":\"Cie la tendresse\",\"@id\":\"https:\/\/www.cielatendresse.com\/#\/schema\/person\/ff0ebc102a097e4f09824881b015a544\"},\"headline\":\"Nous contacter\",\"datePublished\":\"2025-10-03T14:12:11+00:00\",\"dateModified\":\"2025-12-19T08:58:38+00:00\",\"mainEntityOfPage\":{\"@id\":\"https:\/\/www.cielatendresse.com\/index.php\/nous-contacter\/\"},\"wordCount\":4,\"publisher\":{\"@id\":\"https:\/\/www.cielatendresse.com\/#organization\"},\"image\":{\"@id\":\"https:\/\/www.cielatendresse.com\/index.php\/nous-contacter\/#primaryimage\"},\"thumbnailUrl\":\"https:\/\/www.cielatendresse.com\/wp-content\/uploads\/2025\/12\/1.jpg\",\"inLanguage\":\"fr-FR\"},{\"@type\":[\"WebPage\",\"SearchResultsPage\"],\"@id\":\"https:\/\/www.cielatendresse.com\/index.php\/nous-contacter\/\",\"url\":\"https:\/\/www.cielatendresse.com\/index.php\/nous-contacter\/\",\"name\":\"Nous contacter | Cie la tendresse\",\"isPartOf\":{\"@id\":\"https:\/\/www.cielatendresse.com\/#website\"},\"primaryImageOfPage\":{\"@id\":\"https:\/\/www.cielatendresse.com\/index.php\/nous-contacter\/#primaryimage\"},\"image\":{\"@id\":\"https:\/\/www.cielatendresse.com\/index.php\/nous-contacter\/#primaryimage\"},\"thumbnailUrl\":\"https:\/\/www.cielatendresse.com\/wp-content\/uploads\/2025\/12\/1.jpg\",\"datePublished\":\"2025-10-03T14:12:11+00:00\",\"dateModified\":\"2025-12-19T08:58:38+00:00\",\"description\":\"Pour contacter la Cie La tendresse - spectacles vivants. Compagnie artistique m\u00ealant magie, cirque, danse, th\u00e9\u00e2tre\",\"breadcrumb\":{\"@id\":\"https:\/\/www.cielatendresse.com\/index.php\/nous-contacter\/#breadcrumb\"},\"inLanguage\":\"fr-FR\",\"potentialAction\":[{\"@type\":\"ReadAction\",\"target\":[\"https:\/\/www.cielatendresse.com\/index.php\/nous-contacter\/\"]}]},{\"@type\":\"ImageObject\",\"inLanguage\":\"fr-FR\",\"@id\":\"https:\/\/www.cielatendresse.com\/index.php\/nous-contacter\/#primaryimage\",\"url\":\"https:\/\/www.cielatendresse.com\/wp-content\/uploads\/2025\/12\/1.jpg\",\"contentUrl\":\"https:\/\/www.cielatendresse.com\/wp-content\/uploads\/2025\/12\/1.jpg\",\"width\":1020,\"height\":680},{\"@type\":\"BreadcrumbList\",\"@id\":\"https:\/\/www.cielatendresse.com\/index.php\/nous-contacter\/#breadcrumb\",\"itemListElement\":[{\"@type\":\"ListItem\",\"position\":1,\"name\":\"Accueil\",\"item\":\"https:\/\/www.cielatendresse.com\/\"},{\"@type\":\"ListItem\",\"position\":2,\"name\":\"Nous contacter\"}]},{\"@type\":\"WebSite\",\"@id\":\"https:\/\/www.cielatendresse.com\/#website\",\"url\":\"https:\/\/www.cielatendresse.com\/\",\"name\":\"Cie La tendresse\",\"description\":\"spectacles vivants\",\"publisher\":{\"@id\":\"https:\/\/www.cielatendresse.com\/#organization\"},\"alternateName\":\"La tendresse\",\"potentialAction\":[{\"@type\":\"SearchAction\",\"target\":{\"@type\":\"EntryPoint\",\"urlTemplate\":\"https:\/\/www.cielatendresse.com\/?s={search_term_string}\"},\"query-input\":{\"@type\":\"PropertyValueSpecification\",\"valueRequired\":true,\"valueName\":\"search_term_string\"}}],\"inLanguage\":\"fr-FR\"},{\"@type\":\"Organization\",\"@id\":\"https:\/\/www.cielatendresse.com\/#organization\",\"name\":\"Cie la tendresse\",\"url\":\"https:\/\/www.cielatendresse.com\/\",\"logo\":{\"@type\":\"ImageObject\",\"inLanguage\":\"fr-FR\",\"@id\":\"https:\/\/www.cielatendresse.com\/#\/schema\/logo\/image\/\",\"url\":\"https:\/\/www.cielatendresse.com\/wp-content\/uploads\/2025\/11\/cropped-logo-carre.jpg\",\"contentUrl\":\"https:\/\/www.cielatendresse.com\/wp-content\/uploads\/2025\/11\/cropped-logo-carre.jpg\",\"width\":696,\"height\":714,\"caption\":\"Cie la tendresse\"},\"image\":{\"@id\":\"https:\/\/www.cielatendresse.com\/#\/schema\/logo\/image\/\"},\"sameAs\":[\"https:\/\/www.facebook.com\/people\/Ciela-Tendresse\/pfbid02rJFNUK86Njbo7RBg12Vjm8SgveopNGFgyU5eRuJAwHVc9928hsKGXEqeTZ6ZF5UXl\/?rdid=KwRQz4sjGL3bdiQk&share_url=httpswww.facebook.comshare1KcJMXNyNX\",\"https:\/\/www.instagram.com\/cielatendresse\/?igsh=dXpsOHdsZGQyNmtq\",\"https:\/\/www.youtube.com\/@Cielatendresse\"]},{\"@type\":\"Person\",\"@id\":\"https:\/\/www.cielatendresse.com\/#\/schema\/person\/ff0ebc102a097e4f09824881b015a544\",\"name\":\"Cie la tendresse\",\"image\":{\"@type\":\"ImageObject\",\"inLanguage\":\"fr-FR\",\"@id\":\"https:\/\/www.cielatendresse.com\/#\/schema\/person\/image\/\",\"url\":\"https:\/\/secure.gravatar.com\/avatar\/8d1572756cdc1a333917e4b0f29630bb42eee097b7553c97131dad11eb30c8c0?s=96&d=mm&r=g\",\"contentUrl\":\"https:\/\/secure.gravatar.com\/avatar\/8d1572756cdc1a333917e4b0f29630bb42eee097b7553c97131dad11eb30c8c0?s=96&d=mm&r=g\",\"caption\":\"Cie la tendresse\"},\"sameAs\":[\"https:\/\/www.cielatendresse.com\"],\"url\":\"https:\/\/www.cielatendresse.com\/index.php\/author\/latendresse\/\"}]}<\/script>\n<!-- \/ Yoast SEO plugin. -->","yoast_head_json":{"title":"Nous contacter | Cie la tendresse","description":"Pour contacter la Cie La tendresse - spectacles vivants. Compagnie artistique m\u00ealant magie, cirque, danse, th\u00e9\u00e2tre","robots":{"index":"index","follow":"follow","max-snippet":"max-snippet:-1","max-image-preview":"max-image-preview:large","max-video-preview":"max-video-preview:-1"},"canonical":"https:\/\/www.cielatendresse.com\/index.php\/nous-contacter\/","og_locale":"fr_FR","og_type":"article","og_title":"Nous contacter | Cie la tendresse","og_description":"Pour contacter la Cie La tendresse - spectacles vivants. Compagnie artistique m\u00ealant magie, cirque, danse, th\u00e9\u00e2tre","og_url":"https:\/\/www.cielatendresse.com\/index.php\/nous-contacter\/","og_site_name":"Cie la tendresse","article_publisher":"https:\/\/www.facebook.com\/people\/Ciela-Tendresse\/pfbid02rJFNUK86Njbo7RBg12Vjm8SgveopNGFgyU5eRuJAwHVc9928hsKGXEqeTZ6ZF5UXl\/?rdid=KwRQz4sjGL3bdiQk&share_url=httpswww.facebook.comshare1KcJMXNyNX","article_modified_time":"2025-12-19T08:58:38+00:00","og_image":[{"width":1020,"height":680,"url":"https:\/\/www.cielatendresse.com\/wp-content\/uploads\/2025\/12\/1.jpg","type":"image\/jpeg"}],"twitter_card":"summary_large_image","twitter_misc":{"Dur\u00e9e de lecture estim\u00e9e":"1 minute"},"schema":{"@context":"https:\/\/schema.org","@graph":[{"@type":"Article","@id":"https:\/\/www.cielatendresse.com\/index.php\/nous-contacter\/#article","isPartOf":{"@id":"https:\/\/www.cielatendresse.com\/index.php\/nous-contacter\/"},"author":{"name":"Cie la tendresse","@id":"https:\/\/www.cielatendresse.com\/#\/schema\/person\/ff0ebc102a097e4f09824881b015a544"},"headline":"Nous contacter","datePublished":"2025-10-03T14:12:11+00:00","dateModified":"2025-12-19T08:58:38+00:00","mainEntityOfPage":{"@id":"https:\/\/www.cielatendresse.com\/index.php\/nous-contacter\/"},"wordCount":4,"publisher":{"@id":"https:\/\/www.cielatendresse.com\/#organization"},"image":{"@id":"https:\/\/www.cielatendresse.com\/index.php\/nous-contacter\/#primaryimage"},"thumbnailUrl":"https:\/\/www.cielatendresse.com\/wp-content\/uploads\/2025\/12\/1.jpg","inLanguage":"fr-FR"},{"@type":["WebPage","SearchResultsPage"],"@id":"https:\/\/www.cielatendresse.com\/index.php\/nous-contacter\/","url":"https:\/\/www.cielatendresse.com\/index.php\/nous-contacter\/","name":"Nous contacter | Cie la tendresse","isPartOf":{"@id":"https:\/\/www.cielatendresse.com\/#website"},"primaryImageOfPage":{"@id":"https:\/\/www.cielatendresse.com\/index.php\/nous-contacter\/#primaryimage"},"image":{"@id":"https:\/\/www.cielatendresse.com\/index.php\/nous-contacter\/#primaryimage"},"thumbnailUrl":"https:\/\/www.cielatendresse.com\/wp-content\/uploads\/2025\/12\/1.jpg","datePublished":"2025-10-03T14:12:11+00:00","dateModified":"2025-12-19T08:58:38+00:00","description":"Pour contacter la Cie La tendresse - spectacles vivants. Compagnie artistique m\u00ealant magie, cirque, danse, th\u00e9\u00e2tre","breadcrumb":{"@id":"https:\/\/www.cielatendresse.com\/index.php\/nous-contacter\/#breadcrumb"},"inLanguage":"fr-FR","potentialAction":[{"@type":"ReadAction","target":["https:\/\/www.cielatendresse.com\/index.php\/nous-contacter\/"]}]},{"@type":"ImageObject","inLanguage":"fr-FR","@id":"https:\/\/www.cielatendresse.com\/index.php\/nous-contacter\/#primaryimage","url":"https:\/\/www.cielatendresse.com\/wp-content\/uploads\/2025\/12\/1.jpg","contentUrl":"https:\/\/www.cielatendresse.com\/wp-content\/uploads\/2025\/12\/1.jpg","width":1020,"height":680},{"@type":"BreadcrumbList","@id":"https:\/\/www.cielatendresse.com\/index.php\/nous-contacter\/#breadcrumb","itemListElement":[{"@type":"ListItem","position":1,"name":"Accueil","item":"https:\/\/www.cielatendresse.com\/"},{"@type":"ListItem","position":2,"name":"Nous contacter"}]},{"@type":"WebSite","@id":"https:\/\/www.cielatendresse.com\/#website","url":"https:\/\/www.cielatendresse.com\/","name":"Cie La tendresse","description":"spectacles vivants","publisher":{"@id":"https:\/\/www.cielatendresse.com\/#organization"},"alternateName":"La tendresse","potentialAction":[{"@type":"SearchAction","target":{"@type":"EntryPoint","urlTemplate":"https:\/\/www.cielatendresse.com\/?s={search_term_string}"},"query-input":{"@type":"PropertyValueSpecification","valueRequired":true,"valueName":"search_term_string"}}],"inLanguage":"fr-FR"},{"@type":"Organization","@id":"https:\/\/www.cielatendresse.com\/#organization","name":"Cie la tendresse","url":"https:\/\/www.cielatendresse.com\/","logo":{"@type":"ImageObject","inLanguage":"fr-FR","@id":"https:\/\/www.cielatendresse.com\/#\/schema\/logo\/image\/","url":"https:\/\/www.cielatendresse.com\/wp-content\/uploads\/2025\/11\/cropped-logo-carre.jpg","contentUrl":"https:\/\/www.cielatendresse.com\/wp-content\/uploads\/2025\/11\/cropped-logo-carre.jpg","width":696,"height":714,"caption":"Cie la tendresse"},"image":{"@id":"https:\/\/www.cielatendresse.com\/#\/schema\/logo\/image\/"},"sameAs":["https:\/\/www.facebook.com\/people\/Ciela-Tendresse\/pfbid02rJFNUK86Njbo7RBg12Vjm8SgveopNGFgyU5eRuJAwHVc9928hsKGXEqeTZ6ZF5UXl\/?rdid=KwRQz4sjGL3bdiQk&share_url=httpswww.facebook.comshare1KcJMXNyNX","https:\/\/www.instagram.com\/cielatendresse\/?igsh=dXpsOHdsZGQyNmtq","https:\/\/www.youtube.com\/@Cielatendresse"]},{"@type":"Person","@id":"https:\/\/www.cielatendresse.com\/#\/schema\/person\/ff0ebc102a097e4f09824881b015a544","name":"Cie la tendresse","image":{"@type":"ImageObject","inLanguage":"fr-FR","@id":"https:\/\/www.cielatendresse.com\/#\/schema\/person\/image\/","url":"https:\/\/secure.gravatar.com\/avatar\/8d1572756cdc1a333917e4b0f29630bb42eee097b7553c97131dad11eb30c8c0?s=96&d=mm&r=g","contentUrl":"https:\/\/secure.gravatar.com\/avatar\/8d1572756cdc1a333917e4b0f29630bb42eee097b7553c97131dad11eb30c8c0?s=96&d=mm&r=g","caption":"Cie la tendresse"},"sameAs":["https:\/\/www.cielatendresse.com"],"url":"https:\/\/www.cielatendresse.com\/index.php\/author\/latendresse\/"}]}},"_links":{"self":[{"href":"https:\/\/www.cielatendresse.com\/index.php\/wp-json\/wp\/v2\/pages\/74","targetHints":{"allow":["GET"]}}],"collection":[{"href":"https:\/\/www.cielatendresse.com\/index.php\/wp-json\/wp\/v2\/pages"}],"about":[{"href":"https:\/\/www.cielatendresse.com\/index.php\/wp-json\/wp\/v2\/types\/page"}],"author":[{"embeddable":true,"href":"https:\/\/www.cielatendresse.com\/index.php\/wp-json\/wp\/v2\/users\/3"}],"replies":[{"embeddable":true,"href":"https:\/\/www.cielatendresse.com\/index.php\/wp-json\/wp\/v2\/comments?post=74"}],"version-history":[{"count":4,"href":"https:\/\/www.cielatendresse.com\/index.php\/wp-json\/wp\/v2\/pages\/74\/revisions"}],"predecessor-version":[{"id":398,"href":"https:\/\/www.cielatendresse.com\/index.php\/wp-json\/wp\/v2\/pages\/74\/revisions\/398"}],"wp:featuredmedia":[{"embeddable":true,"href":"https:\/\/www.cielatendresse.com\/index.php\/wp-json\/wp\/v2\/media\/552"}],"wp:attachment":[{"href":"https:\/\/www.cielatendresse.com\/index.php\/wp-json\/wp\/v2\/media?parent=74"}],"curies":[{"name":"wp","href":"https:\/\/api.w.org\/{rel}","templated":true}]}}