{"id":8,"date":"2025-09-15T12:17:48","date_gmt":"2025-09-15T12:17:48","guid":{"rendered":"https:\/\/traiwzo.cluster021.hosting.ovh.net\/?page_id=8"},"modified":"2025-12-19T09:55:55","modified_gmt":"2025-12-19T08:55:55","slug":"la-tendresse","status":"publish","type":"page","link":"https:\/\/www.cielatendresse.com\/index.php\/la-tendresse\/","title":{"rendered":"La tendresse, c&rsquo;est quoi?"},"content":{"rendered":"\n<p class=\"has-black-color has-text-color has-link-color wp-elements-046028ffb4f32bb18b3b801ae0323109\" style=\"font-size:15px\"><strong>La Tendresse: <\/strong><br><strong>D\u00e9finition du dictionnaire <a href=\"https:\/\/www.larousse.fr\/dictionnaires\/francais\/tendresse\/77277\" target=\"_blank\" rel=\"noreferrer noopener\"><mark style=\"background-color:rgba(0, 0, 0, 0)\" class=\"has-inline-color has-luminous-vivid-orange-color\">Le Larousse&nbsp;<\/mark><\/a>:<\/strong> sentiment d\u2019affection et d\u2019attachement qui se manifeste par des paroles, des gestes et des attentions douces et d\u00e9licates.<\/p>\n\n\n\n<p class=\"has-black-color has-text-color has-link-color wp-elements-08e8c73050b7e6c2123d126917118c6d\" style=\"font-size:15px\">Dans la relation \u00e0 l\u2019autre, La tendresse est le pr\u00e9misse, la condition \u00e0 l\u2019amour. Elle offre de l\u2019apaisement, du calme et une sensation de s\u00e9curit\u00e9 pour celle ou celui qui l\u2019\u00e9prouve.<\/p>\n\n\n\n<p class=\"has-black-color has-text-color has-link-color wp-elements-24b85e82543fba3a0b4dca91c5862f06\" style=\"font-size:15px\">\u00ab\u00a0<strong>La tendresse, spectacles vivants<\/strong>\u00a0\u00bb m\u00eale la <a href=\"https:\/\/www.cielatendresse.com\/index.php\/2025\/11\/16\/une-nouvelle-magie\/\"><mark style=\"background-color:rgba(0, 0, 0, 0)\" class=\"has-inline-color has-luminous-vivid-orange-color\">magie nouvelle<\/mark><\/a> avec le cirque, la danse et le th\u00e9\u00e2tre. Nous questionnons le lien, le rapport, l\u2019adresse et l\u2019inclusivit\u00e9 du public dans des mises en sc\u00e8ne et des sc\u00e9nographies \u00e9pur\u00e9es.<\/p>\n\n\n\n<p class=\"has-black-color has-text-color has-link-color wp-elements-0a7fbcaee7a11d1cecb3a6dcc8849df9\" style=\"font-size:15px\">Avec cette compagnie, nous nous int\u00e9ressons aux chemins sinueux qu\u2019emprunte parfois la beaut\u00e9 pour se manifester. Face aux difficult\u00e9s, la tendresse c\u2019est l\u2019\u00e9l\u00e9gance du silence, la po\u00e9sie d\u2019une pr\u00e9sence simple face \u00e0 l\u2019adversit\u00e9.<\/p>\n\n\n\n<p class=\"has-black-color has-text-color has-link-color wp-elements-ec8f1f67f1e75e9ede3ff6ca97e1016e\" style=\"font-size:15px\">Notre tendresse ne porte pas de couleurs pastels. elle n\u2019est pas suave et sucr\u00e9e, gomin\u00e9e de bons sentiments. Notre tendresse \u00e0 le sourire jaune et l\u2019\u0153il narquois.<\/p>\n\n\n\n<p class=\"has-black-color has-text-color has-link-color wp-elements-cd8e78cb2c59c756e72799cabde07099\" style=\"font-size:15px\">Dans nos spectacles, la performance technique des interpr\u00e8tes est au service de la dramaturgie et de l\u2019\u00e9motion. La tendresse c\u2019est le regard qu\u2019on pose sur soi-m\u00eame face \u00e0 nos difficult\u00e9s, \u00e0 nos failles, \u00e0 nos impuissances. C\u2019est aussi la force de Sisyphe, la foi de l\u2019artiste, la combativit\u00e9 du sportif, la tentative de chacun de rena\u00eetre chaque jour un peu meilleur que la veille.<br><\/p>\n\n\n\n<p class=\"has-black-color has-text-color has-link-color wp-elements-802e49b818f9f5ca7d195b8b1966a094\" style=\"font-size:15px\"><strong>La tendre [S] c&rsquo;est aussi&#8230;<\/strong><br>\u2013 La Hesse &#8211; : la loose, la gal\u00e8re, la mis\u00e8re, le \u00ab pas tr\u00e8s bien \u00bb<br>&#8211; Le [S]&nbsp;: la marque du pluriel, de l\u2019ensemble, de l\u2019alt\u00e9rit\u00e9<br>&#8211; S&nbsp;: la somme, l\u2019union des diff\u00e9rences<\/p>\n\n\n\n<p class=\"has-black-color has-text-color has-link-color wp-elements-a70bc10310af4e6c81108f1f4a47e68a\" style=\"font-size:15px\"><\/p>\n","protected":false},"excerpt":{"rendered":"<p>La Tendresse: D\u00e9finition du dictionnaire Le Larousse&nbsp;: sentiment d\u2019affection et d\u2019attachement qui se manifeste par des paroles, des gestes et des attentions douces et d\u00e9licates. Dans la relation \u00e0 l\u2019autre, La tendresse est le pr\u00e9misse, la condition \u00e0 l\u2019amour. Elle offre de l\u2019apaisement, du calme et une sensation de s\u00e9curit\u00e9 pour celle ou celui qui&hellip; <br \/> <a class=\"read-more\" href=\"https:\/\/www.cielatendresse.com\/index.php\/la-tendresse\/\">Lire la suite<\/a><\/p>\n","protected":false},"author":3,"featured_media":565,"parent":0,"menu_order":0,"comment_status":"closed","ping_status":"closed","template":"","meta":{"footnotes":""},"class_list":["post-8","page","type-page","status-publish","has-post-thumbnail","hentry"],"yoast_head":"<!-- This site is optimized with the Yoast SEO plugin v26.8 - https:\/\/yoast.com\/product\/yoast-seo-wordpress\/ -->\n<title>La tendresse, c&#039;est quoi? | Cie la tendresse<\/title>\n<meta name=\"description\" content=\"la tendresse est une compagnie de spectacle vivant m\u00ealant la magie nouvelle, le cirque, la danse et le th\u00e9\u00e2tre.\" \/>\n<meta name=\"robots\" content=\"index, follow, max-snippet:-1, max-image-preview:large, max-video-preview:-1\" \/>\n<link rel=\"canonical\" href=\"https:\/\/www.cielatendresse.com\/index.php\/la-tendresse\/\" \/>\n<meta property=\"og:locale\" content=\"fr_FR\" \/>\n<meta property=\"og:type\" content=\"article\" \/>\n<meta property=\"og:title\" content=\"La tendresse, c&#039;est quoi? | Cie la tendresse\" \/>\n<meta property=\"og:description\" content=\"la tendresse est une compagnie de spectacle vivant m\u00ealant la magie nouvelle, le cirque, la danse et le th\u00e9\u00e2tre.\" \/>\n<meta property=\"og:url\" content=\"https:\/\/www.cielatendresse.com\/index.php\/la-tendresse\/\" \/>\n<meta property=\"og:site_name\" content=\"Cie la tendresse\" \/>\n<meta property=\"article:publisher\" content=\"https:\/\/www.facebook.com\/people\/Ciela-Tendresse\/pfbid02rJFNUK86Njbo7RBg12Vjm8SgveopNGFgyU5eRuJAwHVc9928hsKGXEqeTZ6ZF5UXl\/?rdid=KwRQz4sjGL3bdiQk&amp;share_url=httpswww.facebook.comshare1KcJMXNyNX\" \/>\n<meta property=\"article:modified_time\" content=\"2025-12-19T08:55:55+00:00\" \/>\n<meta property=\"og:image\" content=\"https:\/\/www.cielatendresse.com\/wp-content\/uploads\/2025\/12\/14.jpg\" \/>\n\t<meta property=\"og:image:width\" content=\"1020\" \/>\n\t<meta property=\"og:image:height\" content=\"680\" \/>\n\t<meta property=\"og:image:type\" content=\"image\/jpeg\" \/>\n<meta name=\"twitter:card\" content=\"summary_large_image\" \/>\n<meta name=\"twitter:label1\" content=\"Dur\u00e9e de lecture estim\u00e9e\" \/>\n\t<meta name=\"twitter:data1\" content=\"2 minutes\" \/>\n<script type=\"application\/ld+json\" class=\"yoast-schema-graph\">{\"@context\":\"https:\/\/schema.org\",\"@graph\":[{\"@type\":\"Article\",\"@id\":\"https:\/\/www.cielatendresse.com\/index.php\/la-tendresse\/#article\",\"isPartOf\":{\"@id\":\"https:\/\/www.cielatendresse.com\/index.php\/la-tendresse\/\"},\"author\":{\"name\":\"Cie la tendresse\",\"@id\":\"https:\/\/www.cielatendresse.com\/#\/schema\/person\/ff0ebc102a097e4f09824881b015a544\"},\"headline\":\"La tendresse, c&rsquo;est quoi?\",\"datePublished\":\"2025-09-15T12:17:48+00:00\",\"dateModified\":\"2025-12-19T08:55:55+00:00\",\"mainEntityOfPage\":{\"@id\":\"https:\/\/www.cielatendresse.com\/index.php\/la-tendresse\/\"},\"wordCount\":300,\"publisher\":{\"@id\":\"https:\/\/www.cielatendresse.com\/#organization\"},\"image\":{\"@id\":\"https:\/\/www.cielatendresse.com\/index.php\/la-tendresse\/#primaryimage\"},\"thumbnailUrl\":\"https:\/\/www.cielatendresse.com\/wp-content\/uploads\/2025\/12\/14.jpg\",\"inLanguage\":\"fr-FR\"},{\"@type\":[\"WebPage\",\"SearchResultsPage\"],\"@id\":\"https:\/\/www.cielatendresse.com\/index.php\/la-tendresse\/\",\"url\":\"https:\/\/www.cielatendresse.com\/index.php\/la-tendresse\/\",\"name\":\"La tendresse, c'est quoi? | Cie la tendresse\",\"isPartOf\":{\"@id\":\"https:\/\/www.cielatendresse.com\/#website\"},\"primaryImageOfPage\":{\"@id\":\"https:\/\/www.cielatendresse.com\/index.php\/la-tendresse\/#primaryimage\"},\"image\":{\"@id\":\"https:\/\/www.cielatendresse.com\/index.php\/la-tendresse\/#primaryimage\"},\"thumbnailUrl\":\"https:\/\/www.cielatendresse.com\/wp-content\/uploads\/2025\/12\/14.jpg\",\"datePublished\":\"2025-09-15T12:17:48+00:00\",\"dateModified\":\"2025-12-19T08:55:55+00:00\",\"description\":\"la tendresse est une compagnie de spectacle vivant m\u00ealant la magie nouvelle, le cirque, la danse et le th\u00e9\u00e2tre.\",\"breadcrumb\":{\"@id\":\"https:\/\/www.cielatendresse.com\/index.php\/la-tendresse\/#breadcrumb\"},\"inLanguage\":\"fr-FR\",\"potentialAction\":[{\"@type\":\"ReadAction\",\"target\":[\"https:\/\/www.cielatendresse.com\/index.php\/la-tendresse\/\"]}]},{\"@type\":\"ImageObject\",\"inLanguage\":\"fr-FR\",\"@id\":\"https:\/\/www.cielatendresse.com\/index.php\/la-tendresse\/#primaryimage\",\"url\":\"https:\/\/www.cielatendresse.com\/wp-content\/uploads\/2025\/12\/14.jpg\",\"contentUrl\":\"https:\/\/www.cielatendresse.com\/wp-content\/uploads\/2025\/12\/14.jpg\",\"width\":1020,\"height\":680},{\"@type\":\"BreadcrumbList\",\"@id\":\"https:\/\/www.cielatendresse.com\/index.php\/la-tendresse\/#breadcrumb\",\"itemListElement\":[{\"@type\":\"ListItem\",\"position\":1,\"name\":\"Accueil\",\"item\":\"https:\/\/www.cielatendresse.com\/\"},{\"@type\":\"ListItem\",\"position\":2,\"name\":\"La tendresse, c&rsquo;est quoi?\"}]},{\"@type\":\"WebSite\",\"@id\":\"https:\/\/www.cielatendresse.com\/#website\",\"url\":\"https:\/\/www.cielatendresse.com\/\",\"name\":\"Cie La tendresse\",\"description\":\"spectacles vivants\",\"publisher\":{\"@id\":\"https:\/\/www.cielatendresse.com\/#organization\"},\"alternateName\":\"La tendresse\",\"potentialAction\":[{\"@type\":\"SearchAction\",\"target\":{\"@type\":\"EntryPoint\",\"urlTemplate\":\"https:\/\/www.cielatendresse.com\/?s={search_term_string}\"},\"query-input\":{\"@type\":\"PropertyValueSpecification\",\"valueRequired\":true,\"valueName\":\"search_term_string\"}}],\"inLanguage\":\"fr-FR\"},{\"@type\":\"Organization\",\"@id\":\"https:\/\/www.cielatendresse.com\/#organization\",\"name\":\"Cie la tendresse\",\"url\":\"https:\/\/www.cielatendresse.com\/\",\"logo\":{\"@type\":\"ImageObject\",\"inLanguage\":\"fr-FR\",\"@id\":\"https:\/\/www.cielatendresse.com\/#\/schema\/logo\/image\/\",\"url\":\"https:\/\/www.cielatendresse.com\/wp-content\/uploads\/2025\/11\/cropped-logo-carre.jpg\",\"contentUrl\":\"https:\/\/www.cielatendresse.com\/wp-content\/uploads\/2025\/11\/cropped-logo-carre.jpg\",\"width\":696,\"height\":714,\"caption\":\"Cie la tendresse\"},\"image\":{\"@id\":\"https:\/\/www.cielatendresse.com\/#\/schema\/logo\/image\/\"},\"sameAs\":[\"https:\/\/www.facebook.com\/people\/Ciela-Tendresse\/pfbid02rJFNUK86Njbo7RBg12Vjm8SgveopNGFgyU5eRuJAwHVc9928hsKGXEqeTZ6ZF5UXl\/?rdid=KwRQz4sjGL3bdiQk&share_url=httpswww.facebook.comshare1KcJMXNyNX\",\"https:\/\/www.instagram.com\/cielatendresse\/?igsh=dXpsOHdsZGQyNmtq\",\"https:\/\/www.youtube.com\/@Cielatendresse\"]},{\"@type\":\"Person\",\"@id\":\"https:\/\/www.cielatendresse.com\/#\/schema\/person\/ff0ebc102a097e4f09824881b015a544\",\"name\":\"Cie la tendresse\",\"image\":{\"@type\":\"ImageObject\",\"inLanguage\":\"fr-FR\",\"@id\":\"https:\/\/www.cielatendresse.com\/#\/schema\/person\/image\/\",\"url\":\"https:\/\/secure.gravatar.com\/avatar\/8d1572756cdc1a333917e4b0f29630bb42eee097b7553c97131dad11eb30c8c0?s=96&d=mm&r=g\",\"contentUrl\":\"https:\/\/secure.gravatar.com\/avatar\/8d1572756cdc1a333917e4b0f29630bb42eee097b7553c97131dad11eb30c8c0?s=96&d=mm&r=g\",\"caption\":\"Cie la tendresse\"},\"sameAs\":[\"https:\/\/www.cielatendresse.com\"],\"url\":\"https:\/\/www.cielatendresse.com\/index.php\/author\/latendresse\/\"}]}<\/script>\n<!-- \/ Yoast SEO plugin. -->","yoast_head_json":{"title":"La tendresse, c'est quoi? | Cie la tendresse","description":"la tendresse est une compagnie de spectacle vivant m\u00ealant la magie nouvelle, le cirque, la danse et le th\u00e9\u00e2tre.","robots":{"index":"index","follow":"follow","max-snippet":"max-snippet:-1","max-image-preview":"max-image-preview:large","max-video-preview":"max-video-preview:-1"},"canonical":"https:\/\/www.cielatendresse.com\/index.php\/la-tendresse\/","og_locale":"fr_FR","og_type":"article","og_title":"La tendresse, c'est quoi? | Cie la tendresse","og_description":"la tendresse est une compagnie de spectacle vivant m\u00ealant la magie nouvelle, le cirque, la danse et le th\u00e9\u00e2tre.","og_url":"https:\/\/www.cielatendresse.com\/index.php\/la-tendresse\/","og_site_name":"Cie la tendresse","article_publisher":"https:\/\/www.facebook.com\/people\/Ciela-Tendresse\/pfbid02rJFNUK86Njbo7RBg12Vjm8SgveopNGFgyU5eRuJAwHVc9928hsKGXEqeTZ6ZF5UXl\/?rdid=KwRQz4sjGL3bdiQk&share_url=httpswww.facebook.comshare1KcJMXNyNX","article_modified_time":"2025-12-19T08:55:55+00:00","og_image":[{"width":1020,"height":680,"url":"https:\/\/www.cielatendresse.com\/wp-content\/uploads\/2025\/12\/14.jpg","type":"image\/jpeg"}],"twitter_card":"summary_large_image","twitter_misc":{"Dur\u00e9e de lecture estim\u00e9e":"2 minutes"},"schema":{"@context":"https:\/\/schema.org","@graph":[{"@type":"Article","@id":"https:\/\/www.cielatendresse.com\/index.php\/la-tendresse\/#article","isPartOf":{"@id":"https:\/\/www.cielatendresse.com\/index.php\/la-tendresse\/"},"author":{"name":"Cie la tendresse","@id":"https:\/\/www.cielatendresse.com\/#\/schema\/person\/ff0ebc102a097e4f09824881b015a544"},"headline":"La tendresse, c&rsquo;est quoi?","datePublished":"2025-09-15T12:17:48+00:00","dateModified":"2025-12-19T08:55:55+00:00","mainEntityOfPage":{"@id":"https:\/\/www.cielatendresse.com\/index.php\/la-tendresse\/"},"wordCount":300,"publisher":{"@id":"https:\/\/www.cielatendresse.com\/#organization"},"image":{"@id":"https:\/\/www.cielatendresse.com\/index.php\/la-tendresse\/#primaryimage"},"thumbnailUrl":"https:\/\/www.cielatendresse.com\/wp-content\/uploads\/2025\/12\/14.jpg","inLanguage":"fr-FR"},{"@type":["WebPage","SearchResultsPage"],"@id":"https:\/\/www.cielatendresse.com\/index.php\/la-tendresse\/","url":"https:\/\/www.cielatendresse.com\/index.php\/la-tendresse\/","name":"La tendresse, c'est quoi? | Cie la tendresse","isPartOf":{"@id":"https:\/\/www.cielatendresse.com\/#website"},"primaryImageOfPage":{"@id":"https:\/\/www.cielatendresse.com\/index.php\/la-tendresse\/#primaryimage"},"image":{"@id":"https:\/\/www.cielatendresse.com\/index.php\/la-tendresse\/#primaryimage"},"thumbnailUrl":"https:\/\/www.cielatendresse.com\/wp-content\/uploads\/2025\/12\/14.jpg","datePublished":"2025-09-15T12:17:48+00:00","dateModified":"2025-12-19T08:55:55+00:00","description":"la tendresse est une compagnie de spectacle vivant m\u00ealant la magie nouvelle, le cirque, la danse et le th\u00e9\u00e2tre.","breadcrumb":{"@id":"https:\/\/www.cielatendresse.com\/index.php\/la-tendresse\/#breadcrumb"},"inLanguage":"fr-FR","potentialAction":[{"@type":"ReadAction","target":["https:\/\/www.cielatendresse.com\/index.php\/la-tendresse\/"]}]},{"@type":"ImageObject","inLanguage":"fr-FR","@id":"https:\/\/www.cielatendresse.com\/index.php\/la-tendresse\/#primaryimage","url":"https:\/\/www.cielatendresse.com\/wp-content\/uploads\/2025\/12\/14.jpg","contentUrl":"https:\/\/www.cielatendresse.com\/wp-content\/uploads\/2025\/12\/14.jpg","width":1020,"height":680},{"@type":"BreadcrumbList","@id":"https:\/\/www.cielatendresse.com\/index.php\/la-tendresse\/#breadcrumb","itemListElement":[{"@type":"ListItem","position":1,"name":"Accueil","item":"https:\/\/www.cielatendresse.com\/"},{"@type":"ListItem","position":2,"name":"La tendresse, c&rsquo;est quoi?"}]},{"@type":"WebSite","@id":"https:\/\/www.cielatendresse.com\/#website","url":"https:\/\/www.cielatendresse.com\/","name":"Cie La tendresse","description":"spectacles vivants","publisher":{"@id":"https:\/\/www.cielatendresse.com\/#organization"},"alternateName":"La tendresse","potentialAction":[{"@type":"SearchAction","target":{"@type":"EntryPoint","urlTemplate":"https:\/\/www.cielatendresse.com\/?s={search_term_string}"},"query-input":{"@type":"PropertyValueSpecification","valueRequired":true,"valueName":"search_term_string"}}],"inLanguage":"fr-FR"},{"@type":"Organization","@id":"https:\/\/www.cielatendresse.com\/#organization","name":"Cie la tendresse","url":"https:\/\/www.cielatendresse.com\/","logo":{"@type":"ImageObject","inLanguage":"fr-FR","@id":"https:\/\/www.cielatendresse.com\/#\/schema\/logo\/image\/","url":"https:\/\/www.cielatendresse.com\/wp-content\/uploads\/2025\/11\/cropped-logo-carre.jpg","contentUrl":"https:\/\/www.cielatendresse.com\/wp-content\/uploads\/2025\/11\/cropped-logo-carre.jpg","width":696,"height":714,"caption":"Cie la tendresse"},"image":{"@id":"https:\/\/www.cielatendresse.com\/#\/schema\/logo\/image\/"},"sameAs":["https:\/\/www.facebook.com\/people\/Ciela-Tendresse\/pfbid02rJFNUK86Njbo7RBg12Vjm8SgveopNGFgyU5eRuJAwHVc9928hsKGXEqeTZ6ZF5UXl\/?rdid=KwRQz4sjGL3bdiQk&share_url=httpswww.facebook.comshare1KcJMXNyNX","https:\/\/www.instagram.com\/cielatendresse\/?igsh=dXpsOHdsZGQyNmtq","https:\/\/www.youtube.com\/@Cielatendresse"]},{"@type":"Person","@id":"https:\/\/www.cielatendresse.com\/#\/schema\/person\/ff0ebc102a097e4f09824881b015a544","name":"Cie la tendresse","image":{"@type":"ImageObject","inLanguage":"fr-FR","@id":"https:\/\/www.cielatendresse.com\/#\/schema\/person\/image\/","url":"https:\/\/secure.gravatar.com\/avatar\/8d1572756cdc1a333917e4b0f29630bb42eee097b7553c97131dad11eb30c8c0?s=96&d=mm&r=g","contentUrl":"https:\/\/secure.gravatar.com\/avatar\/8d1572756cdc1a333917e4b0f29630bb42eee097b7553c97131dad11eb30c8c0?s=96&d=mm&r=g","caption":"Cie la tendresse"},"sameAs":["https:\/\/www.cielatendresse.com"],"url":"https:\/\/www.cielatendresse.com\/index.php\/author\/latendresse\/"}]}},"_links":{"self":[{"href":"https:\/\/www.cielatendresse.com\/index.php\/wp-json\/wp\/v2\/pages\/8","targetHints":{"allow":["GET"]}}],"collection":[{"href":"https:\/\/www.cielatendresse.com\/index.php\/wp-json\/wp\/v2\/pages"}],"about":[{"href":"https:\/\/www.cielatendresse.com\/index.php\/wp-json\/wp\/v2\/types\/page"}],"author":[{"embeddable":true,"href":"https:\/\/www.cielatendresse.com\/index.php\/wp-json\/wp\/v2\/users\/3"}],"replies":[{"embeddable":true,"href":"https:\/\/www.cielatendresse.com\/index.php\/wp-json\/wp\/v2\/comments?post=8"}],"version-history":[{"count":21,"href":"https:\/\/www.cielatendresse.com\/index.php\/wp-json\/wp\/v2\/pages\/8\/revisions"}],"predecessor-version":[{"id":418,"href":"https:\/\/www.cielatendresse.com\/index.php\/wp-json\/wp\/v2\/pages\/8\/revisions\/418"}],"wp:featuredmedia":[{"embeddable":true,"href":"https:\/\/www.cielatendresse.com\/index.php\/wp-json\/wp\/v2\/media\/565"}],"wp:attachment":[{"href":"https:\/\/www.cielatendresse.com\/index.php\/wp-json\/wp\/v2\/media?parent=8"}],"curies":[{"name":"wp","href":"https:\/\/api.w.org\/{rel}","templated":true}]}}